{"id":93,"date":"2020-09-17T15:44:34","date_gmt":"2020-09-17T13:44:34","guid":{"rendered":"https:\/\/mei.ms-dev.it\/?page_id=93"},"modified":"2022-01-30T17:33:03","modified_gmt":"2022-01-30T16:33:03","slug":"ich-schreibe-diesen-brief-an-sie","status":"publish","type":"page","link":"https:\/\/www.museoemigrazioneitaliana.org\/de\/il-legame-con-litalia\/vi-scrivo-questa-lettera\/","title":{"rendered":"Ich schreibe diesen Brief an Sie"},"content":{"rendered":"<p>Der Titel dieses Kapitels ist in gewisser Weise provokativ, denn unter den ver\u00f6ffentlichten Bildern sind es gerade die Briefe, die am meisten fehlen. Briefe, die Worte, die die Welt bereisen, sind der d\u00fcnne, aber starke Faden, der die beiden Teile einer durch die Emigration getrennten Familie zusammenh\u00e4lt. Sie dr\u00fccken, wenn auch nicht immer ausdr\u00fccklich, das Leid aus, das mit der Entwurzelung aus der eigenen Welt einhergeht, die Isolation, in die man gest\u00fcrzt wird, und die Diskriminierung, der man ausgesetzt ist. Gleichzeitig lassen sie die Augen derer, die im Land geblieben sind, die gro\u00dfen M\u00f6glichkeiten erahnen, die das Land, in dem sie angekommen sind, bietet, und locken so andere, es zu verlassen.<\/p>\n<p>Ein allgemeines Merkmal der Emigrantenbriefe ist die \u00dcbertragung des m\u00fcndlichen Ausdrucks in die Schrift: Man schreibt, wie man spricht, mit dem Zusatz einer fragw\u00fcrdigen Rechtschreibung (insbesondere von Fremdw\u00f6rtern und italienischen W\u00f6rtern, die dem eigenen sprachlichen Erbe fremd sind) und einer unwahrscheinlichen Interpunktion.<\/p>\n<p>Aber die \"echten\" Briefe sind die Fotos, die der Auswanderer schickt und mit seiner Familie, seinen Verwandten und Freunden austauscht. Die Frage ist also: Kann man die Auswanderung fotografieren? Theoretisch m\u00fcsste man eine gro\u00dfe Anzahl von Bildern zur Verf\u00fcgung haben, um dieses Ph\u00e4nomen ersch\u00f6pfend darzustellen; in Wirklichkeit aber erz\u00e4hlt jedes Foto viele Dinge und enth\u00e4lt eine Vielzahl von Denkanst\u00f6\u00dfen und \u00dcberlegungen.<\/p>\n<p>Auf Ellis Island beeindruckt die geordnete Gruppe von Menschen in der gro\u00dfen Versammlungshalle, die durch fotografische T\u00e4uschung durch \"Gitter\" eingezw\u00e4ngt sind, die sie wie Gefangene aussehen lassen, ebenso sehr wie, vielleicht sogar mehr als die statistischen Daten.<\/p>\n<p>Und auf den vielen Fotos, die von Auswanderern vor dem Hintergrund von Betreuungseinrichtungen gemacht wurden - seien sie nun katholisch oder weltlich, aus der Zeit der gro\u00dfen Auswanderung oder des Exodus nach dem Zweiten Weltkrieg -, ist das Muster immer dasselbe: Die M\u00e4nner werden von hinten gezeigt, mit dem Gewicht ihres Gep\u00e4cks belastet, was die Hilfe, ja fast die Umarmung andeutet, die ihnen angeboten wird.<\/p>\n<p>Als das fotografische Medium f\u00fcr jedermann zug\u00e4nglich war, konnte jeder Emigrant sein eigenes Bilderalbum \"kreieren\" und seine \"sch\u00f6nen Bilder\" bis ins kleinste Detail konstruieren und bearbeiten. Wenn Sie zum Beispiel die Menschen betrachten, die in der N\u00e4he von Autos abgebildet sind, werden Sie feststellen, dass ihre H\u00e4nde gut platziert sind: signalisieren sie nicht vielleicht unbewusst die Anstrengung, die unternommen wurde, um diese Symbole des sozialen und wirtschaftlichen Fortschritts zu erhalten?<\/p>\n<p>Zu diesem Erbe an Erinnerungen geh\u00f6ren auch weniger formale Bilder, die eher \u00fcberraschen. In diesen F\u00e4llen darf ein wenig Exotik nicht fehlen, und die Personen posieren in der traditionellen Kleidung des Gastlandes oder nehmen heitere Posen ein: von der Pose als Mann von Welt, der mit Gl\u00e4sern und Flaschen beladen an einem Stehtisch sitzt, bis hin zur Verkleidung als Cowboy und Gaucho oder der Vort\u00e4uschung eines Fluges in einem Hei\u00dfluftballon mit extremer Ernsthaftigkeit.<\/p>\n\t\t\t\t<a href=\"https:\/\/www.museoemigrazioneitaliana.org\/wp-content\/uploads\/2022\/01\/1593-ok.jpg\" data-fancybox=\"images\" title=\"1593 OK\" data-description=\"\" itemprop=\"contentUrl\">\n\t\t\t<img loading=\"lazy\" decoding=\"async\" src=\"https:\/\/www.museoemigrazioneitaliana.org\/wp-content\/uploads\/2022\/01\/1593-ok-768x1008.jpg\" alt=\"\" data-no-lazy=\"1\" itemprop=\"thumbnail\" width=\"768\" height=\"1008\">\n\t\t\t<!-- Overlay Wrapper -->\n\t\t\t <!-- Overlay Wrapper Closed -->\n\t\t\t\t<\/a>\n\t\t\t\t\t\t\t<meta itemprop=\"width\" content=\"768\">\n\t\t\t<meta itemprop=\"height\" content=\"1008\">\n\t\tNew York, 1909. don Angelo Brocchi in einem \"Hei\u00dfluftballon\".\n\t\t\t\t<a href=\"https:\/\/www.museoemigrazioneitaliana.org\/wp-content\/uploads\/2022\/01\/547-ok.jpg\" data-fancybox=\"images\" title=\"547 OK\" data-description=\"\" itemprop=\"contentUrl\">\n\t\t\t<img loading=\"lazy\" decoding=\"async\" src=\"https:\/\/www.museoemigrazioneitaliana.org\/wp-content\/uploads\/2022\/01\/547-ok-768x568.jpg\" alt=\"\" data-no-lazy=\"1\" itemprop=\"thumbnail\" width=\"768\" height=\"568\">\n\t\t\t<!-- Overlay Wrapper -->\n\t\t\t <!-- Overlay Wrapper Closed -->\n\t\t\t\t<\/a>\n\t\t\t\t\t\t\t<meta itemprop=\"width\" content=\"768\">\n\t\t\t<meta itemprop=\"height\" content=\"568\">\n\t\tBrasilien, Sao Paulo. Ambrogio Puliti mit Familie\n\t\t\t\t<a href=\"https:\/\/www.museoemigrazioneitaliana.org\/wp-content\/uploads\/2022\/01\/1147-ok.jpg\" data-fancybox=\"images\" title=\"1147 OK\" data-description=\"\" itemprop=\"contentUrl\">\n\t\t\t<img loading=\"lazy\" decoding=\"async\" src=\"https:\/\/www.museoemigrazioneitaliana.org\/wp-content\/uploads\/2022\/01\/1147-ok-768x1221.jpg\" alt=\"\" data-no-lazy=\"1\" itemprop=\"thumbnail\" width=\"768\" height=\"1221\">\n\t\t\t<!-- Overlay Wrapper -->\n\t\t\t <!-- Overlay Wrapper Closed -->\n\t\t\t\t<\/a>\n\t\t\t\t\t\t\t<meta itemprop=\"width\" content=\"768\">\n\t\t\t<meta itemprop=\"height\" content=\"1221\">\n\t\tKanada, Ontario, Toronto, 1904. Emilio Massonieri: Cowboy \n\t\t\t\t\t<ul id=\"menu-il-legame-con-litalia\"><li id=\"menu-item-417\"><a href=\"https:\/\/www.museoemigrazioneitaliana.org\/de\/die-verbindung-mit-italien\/\">Die Verbindung zu Italien<\/a>\n<ul>\n\t<li id=\"menu-item-423\"><a href=\"https:\/\/www.museoemigrazioneitaliana.org\/de\/die-verbindung-mit-italien\/ich-schreibe-diesen-brief-an-sie\/\">Ich schreibe diesen Brief an Sie<\/a><\/li>\n\t<li id=\"menu-item-420\"><a href=\"https:\/\/www.museoemigrazioneitaliana.org\/de\/die-verbindung-mit-italien\/mein-ganzes-leben\/\">Mein ganzes Leben<\/a><\/li>\n\t<li id=\"menu-item-419\"><a href=\"https:\/\/www.museoemigrazioneitaliana.org\/de\/die-verbindung-mit-italien\/heilige-und-prozessionen\/\">Heilige und Prozessionen<\/a><\/li>\n\t<li id=\"menu-item-418\"><a href=\"https:\/\/www.museoemigrazioneitaliana.org\/de\/die-verbindung-mit-italien\/fur-das-heimatland\/\">F\u00fcr das Heimatland<\/a><\/li>\n<\/ul>\n<\/li>\n<\/ul>","protected":false},"excerpt":{"rendered":"<p>Il titolo di questo capitolo \u00e8, in un certo senso, provocatorio perch\u00e9, fra le immagini pubblicate, le grandi assenti sono proprio le lettere. Le lettere, le parole che viaggiano per il mondo, sono il filo sottile ma resistente che tiene unite le due parti di una famiglia divisa dall&#8217;emigrazione. Esprimono, non sempre esplicitamente, le sofferenze [&hellip;]<\/p>\n","protected":false},"author":1,"featured_media":0,"parent":91,"menu_order":0,"comment_status":"closed","ping_status":"open","template":"","meta":{"_acf_changed":false,"site-sidebar-layout":"default","site-content-layout":"default","ast-site-content-layout":"default","site-content-style":"default","site-sidebar-style":"default","ast-global-header-display":"","ast-banner-title-visibility":"","ast-main-header-display":"","ast-hfb-above-header-display":"","ast-hfb-below-header-display":"","ast-hfb-mobile-header-display":"","site-post-title":"","ast-breadcrumbs-content":"","ast-featured-img":"","footer-sml-layout":"","ast-disable-related-posts":"","theme-transparent-header-meta":"default","adv-header-id-meta":"","stick-header-meta":"","header-above-stick-meta":"","header-main-stick-meta":"","header-below-stick-meta":"","astra-migrate-meta-layouts":"default","ast-page-background-enabled":"default","ast-page-background-meta":{"desktop":{"background-color":"","background-image":"","background-repeat":"repeat","background-position":"center center","background-size":"auto","background-attachment":"scroll","background-type":"","background-media":"","overlay-type":"","overlay-color":"","overlay-opacity":"","overlay-gradient":""},"tablet":{"background-color":"","background-image":"","background-repeat":"repeat","background-position":"center center","background-size":"auto","background-attachment":"scroll","background-type":"","background-media":"","overlay-type":"","overlay-color":"","overlay-opacity":"","overlay-gradient":""},"mobile":{"background-color":"","background-image":"","background-repeat":"repeat","background-position":"center center","background-size":"auto","background-attachment":"scroll","background-type":"","background-media":"","overlay-type":"","overlay-color":"","overlay-opacity":"","overlay-gradient":""}},"ast-content-background-meta":{"desktop":{"background-color":"var(--ast-global-color-5)","background-image":"","background-repeat":"repeat","background-position":"center center","background-size":"auto","background-attachment":"scroll","background-type":"","background-media":"","overlay-type":"","overlay-color":"","overlay-opacity":"","overlay-gradient":""},"tablet":{"background-color":"var(--ast-global-color-5)","background-image":"","background-repeat":"repeat","background-position":"center center","background-size":"auto","background-attachment":"scroll","background-type":"","background-media":"","overlay-type":"","overlay-color":"","overlay-opacity":"","overlay-gradient":""},"mobile":{"background-color":"var(--ast-global-color-5)","background-image":"","background-repeat":"repeat","background-position":"center center","background-size":"auto","background-attachment":"scroll","background-type":"","background-media":"","overlay-type":"","overlay-color":"","overlay-opacity":"","overlay-gradient":""}},"footnotes":""},"class_list":["post-93","page","type-page","status-publish","hentry"],"acf":[],"_links":{"self":[{"href":"https:\/\/www.museoemigrazioneitaliana.org\/de\/wp-json\/wp\/v2\/pages\/93","targetHints":{"allow":["GET"]}}],"collection":[{"href":"https:\/\/www.museoemigrazioneitaliana.org\/de\/wp-json\/wp\/v2\/pages"}],"about":[{"href":"https:\/\/www.museoemigrazioneitaliana.org\/de\/wp-json\/wp\/v2\/types\/page"}],"author":[{"embeddable":true,"href":"https:\/\/www.museoemigrazioneitaliana.org\/de\/wp-json\/wp\/v2\/users\/1"}],"replies":[{"embeddable":true,"href":"https:\/\/www.museoemigrazioneitaliana.org\/de\/wp-json\/wp\/v2\/comments?post=93"}],"version-history":[{"count":2,"href":"https:\/\/www.museoemigrazioneitaliana.org\/de\/wp-json\/wp\/v2\/pages\/93\/revisions"}],"predecessor-version":[{"id":2199,"href":"https:\/\/www.museoemigrazioneitaliana.org\/de\/wp-json\/wp\/v2\/pages\/93\/revisions\/2199"}],"up":[{"embeddable":true,"href":"https:\/\/www.museoemigrazioneitaliana.org\/de\/wp-json\/wp\/v2\/pages\/91"}],"wp:attachment":[{"href":"https:\/\/www.museoemigrazioneitaliana.org\/de\/wp-json\/wp\/v2\/media?parent=93"}],"curies":[{"name":"wp","href":"https:\/\/api.w.org\/{rel}","templated":true}]}}