{"id":87,"date":"2020-09-17T15:43:06","date_gmt":"2020-09-17T13:43:06","guid":{"rendered":"https:\/\/mei.ms-dev.it\/?page_id=87"},"modified":"2022-03-10T12:04:36","modified_gmt":"2022-03-10T11:04:36","slug":"geschafte-und-laden","status":"publish","type":"page","link":"https:\/\/www.museoemigrazioneitaliana.org\/de\/il-lavoro\/negozi-e-negozi\/","title":{"rendered":"Gesch\u00e4fte und L\u00e4den"},"content":{"rendered":"<p>F\u00fcr die Auswanderer, die sich dem Handel zuwandten, waren die Anf\u00e4nge mehr oder weniger dieselben: Nach ihrer Ankunft im neuen Land arbeiteten sie einige Jahre lang als Angestellte der Verwandten oder Freunde, die sie zur Auswanderung gedr\u00e4ngt und unterst\u00fctzt hatten. Diese Anfangsphase wurde nat\u00fcrlich von denjenigen \u00fcbersprungen, die bereits \u00fcber ein eigenes, wenn auch geringes Kapital verf\u00fcgten und direkt in das Kleingewerbe einsteigen konnten. Auf diesem Weg spielte die Familie immer eine grundlegende Rolle, nicht nur als Bereitsteller der ersten wirtschaftlichen Mittel, sondern auch, im Falle der Auswanderung des Familienkerns, ganz oder teilweise, mit direkter Beteiligung an der F\u00fchrung des Unternehmens.<\/p>\n<p>Die ersten Gesch\u00e4fte waren kleine L\u00e4den, vor allem im Lebensmittelbereich, und hatten die italienische Gemeinschaft als erste Kundschaft. Auf den Schaufenstern vieler L\u00e4den stand stolz geschrieben, dass sie authentische italienische Produkte verkauften.<\/p>\n<p>F\u00fcr die meisten Ladenbesitzer war der Gipfel des Gl\u00fccks mit der Gr\u00fcndung eines Unternehmens von einiger Gr\u00f6\u00dfe erreicht. Einigen dieser Unternehmen gelang es jedoch, sich im Laufe der Zeit zu konsolidieren, und mehrere Gesch\u00e4fte wurden zu m\u00e4chtigen Produktions- und Verarbeitungsbetrieben f\u00fcr Boden- und Viehprodukte oder zu gro\u00dfen internationalen Vertriebsunternehmen.<\/p>\n<p>Die Tatsache, dass diese neuen Industriellen aus dem kommerziellen Bereich kamen, verschaffte ihnen einen Vorteil, da sie die Situation auf dem heimischen Markt, die Bezugsquellen und die M\u00f6glichkeiten eines leichteren Zugangs zu Krediten kannten.<\/p>\n\t\t\t\t\t<ul id=\"menu-il-lavoro\"><li id=\"menu-item-410\"><a href=\"https:\/\/www.museoemigrazioneitaliana.org\/de\/arbeit\/\">Die Arbeit<\/a>\n<ul>\n\t<li id=\"menu-item-416\"><a href=\"https:\/\/www.museoemigrazioneitaliana.org\/de\/arbeit\/auf-den-strasenhandlern-und-kindern\/\">Auf der Stra\u00dfe Hausierer und Kinder<\/a><\/li>\n\t<li id=\"menu-item-411\"><a href=\"https:\/\/www.museoemigrazioneitaliana.org\/de\/arbeit\/starke-arme-und-schwere-arbeit\/\">Starke Arme und schwere Arbeit<\/a><\/li>\n\t<li id=\"menu-item-415\"><a href=\"https:\/\/www.museoemigrazioneitaliana.org\/de\/arbeit\/grose-werke-und-auffallige-schicksale\/\">Gro\u00dfe Werke und auff\u00e4llige Schicksale<\/a><\/li>\n\t<li id=\"menu-item-413\"><a href=\"https:\/\/www.museoemigrazioneitaliana.org\/de\/arbeit\/zerbrechliche-frauen\/\">Zerbrechliche\" Frauen<\/a><\/li>\n\t<li id=\"menu-item-414\"><a href=\"https:\/\/www.museoemigrazioneitaliana.org\/de\/arbeit\/geschafte-und-laden\/\">Gesch\u00e4fte und L\u00e4den<\/a><\/li>\n\t<li id=\"menu-item-412\"><a href=\"https:\/\/www.museoemigrazioneitaliana.org\/de\/arbeit\/vom-gelehrten-zum-meister\/\">Vom Gelehrten zum Meister<\/a><\/li>\n<\/ul>\n<\/li>\n<\/ul>","protected":false},"excerpt":{"rendered":"<p>Per gli emigrati che si dedicarono al commercio gli inizi furono pressoch\u00e9 uguali: dopo l&#8217;arrivo nel nuovo paese lavorarono per alcuni anni come dipendenti dei parenti o degli amici che li avevano esortati e aiutati a emigrare. Naturalmente questa fase iniziale venne saltata da coloro che, gi\u00e0 dotati di un proprio capitale, per quanto minimo, [&hellip;]<\/p>\n","protected":false},"author":1,"featured_media":0,"parent":77,"menu_order":0,"comment_status":"closed","ping_status":"open","template":"","meta":{"_acf_changed":false,"site-sidebar-layout":"default","site-content-layout":"default","ast-site-content-layout":"default","site-content-style":"default","site-sidebar-style":"default","ast-global-header-display":"","ast-banner-title-visibility":"","ast-main-header-display":"","ast-hfb-above-header-display":"","ast-hfb-below-header-display":"","ast-hfb-mobile-header-display":"","site-post-title":"","ast-breadcrumbs-content":"","ast-featured-img":"","footer-sml-layout":"","ast-disable-related-posts":"","theme-transparent-header-meta":"default","adv-header-id-meta":"","stick-header-meta":"","header-above-stick-meta":"","header-main-stick-meta":"","header-below-stick-meta":"","astra-migrate-meta-layouts":"default","ast-page-background-enabled":"default","ast-page-background-meta":{"desktop":{"background-color":"","background-image":"","background-repeat":"repeat","background-position":"center center","background-size":"auto","background-attachment":"scroll","background-type":"","background-media":"","overlay-type":"","overlay-color":"","overlay-opacity":"","overlay-gradient":""},"tablet":{"background-color":"","background-image":"","background-repeat":"repeat","background-position":"center center","background-size":"auto","background-attachment":"scroll","background-type":"","background-media":"","overlay-type":"","overlay-color":"","overlay-opacity":"","overlay-gradient":""},"mobile":{"background-color":"","background-image":"","background-repeat":"repeat","background-position":"center center","background-size":"auto","background-attachment":"scroll","background-type":"","background-media":"","overlay-type":"","overlay-color":"","overlay-opacity":"","overlay-gradient":""}},"ast-content-background-meta":{"desktop":{"background-color":"var(--ast-global-color-5)","background-image":"","background-repeat":"repeat","background-position":"center center","background-size":"auto","background-attachment":"scroll","background-type":"","background-media":"","overlay-type":"","overlay-color":"","overlay-opacity":"","overlay-gradient":""},"tablet":{"background-color":"var(--ast-global-color-5)","background-image":"","background-repeat":"repeat","background-position":"center center","background-size":"auto","background-attachment":"scroll","background-type":"","background-media":"","overlay-type":"","overlay-color":"","overlay-opacity":"","overlay-gradient":""},"mobile":{"background-color":"var(--ast-global-color-5)","background-image":"","background-repeat":"repeat","background-position":"center center","background-size":"auto","background-attachment":"scroll","background-type":"","background-media":"","overlay-type":"","overlay-color":"","overlay-opacity":"","overlay-gradient":""}},"footnotes":""},"class_list":["post-87","page","type-page","status-publish","hentry"],"acf":[],"_links":{"self":[{"href":"https:\/\/www.museoemigrazioneitaliana.org\/de\/wp-json\/wp\/v2\/pages\/87","targetHints":{"allow":["GET"]}}],"collection":[{"href":"https:\/\/www.museoemigrazioneitaliana.org\/de\/wp-json\/wp\/v2\/pages"}],"about":[{"href":"https:\/\/www.museoemigrazioneitaliana.org\/de\/wp-json\/wp\/v2\/types\/page"}],"author":[{"embeddable":true,"href":"https:\/\/www.museoemigrazioneitaliana.org\/de\/wp-json\/wp\/v2\/users\/1"}],"replies":[{"embeddable":true,"href":"https:\/\/www.museoemigrazioneitaliana.org\/de\/wp-json\/wp\/v2\/comments?post=87"}],"version-history":[{"count":2,"href":"https:\/\/www.museoemigrazioneitaliana.org\/de\/wp-json\/wp\/v2\/pages\/87\/revisions"}],"predecessor-version":[{"id":3197,"href":"https:\/\/www.museoemigrazioneitaliana.org\/de\/wp-json\/wp\/v2\/pages\/87\/revisions\/3197"}],"up":[{"embeddable":true,"href":"https:\/\/www.museoemigrazioneitaliana.org\/de\/wp-json\/wp\/v2\/pages\/77"}],"wp:attachment":[{"href":"https:\/\/www.museoemigrazioneitaliana.org\/de\/wp-json\/wp\/v2\/media?parent=87"}],"curies":[{"name":"wp","href":"https:\/\/api.w.org\/{rel}","templated":true}]}}