{"id":79,"date":"2020-09-17T15:41:58","date_gmt":"2020-09-17T13:41:58","guid":{"rendered":"https:\/\/mei.ms-dev.it\/?page_id=79"},"modified":"2022-03-10T12:01:02","modified_gmt":"2022-03-10T11:01:02","slug":"auf-den-strasenhandlern-und-kindern","status":"publish","type":"page","link":"https:\/\/www.museoemigrazioneitaliana.org\/de\/il-lavoro\/sulla-strada-ambulanti-e-bambini\/","title":{"rendered":"Auf der Stra\u00dfe Hausierer und Kinder"},"content":{"rendered":"<p>Die Vorreiter der echten Auswanderung waren diejenigen, die ein Wandergewerbe aus\u00fcbten und daher in der Lage waren, Nachrichten und Informationen zu \u00fcbermitteln, die f\u00fcr dauerhafte Auswanderungsprojekte n\u00fctzlich waren. In der Toskana gingen die Bauern nach Korsika, um dort in der Landwirtschaft zu arbeiten, und dann nach Frankreich, weil sie von den besseren L\u00f6hnen angezogen wurden, auch wenn der am weitesten verbreitete Handwerksberuf der des Figurenmachers war. Ligurer \u00fcberquerten das Mittelmeer und gingen in die nordafrikanischen L\u00e4nder, um dort saisonal zu arbeiten. Wandermusiker aus ganz Italien gingen in die meisten europ\u00e4ischen L\u00e4nder und dann nach Amerika, w\u00e4hrend Druckerei- und Kleinwarenverk\u00e4ufer sowie Holzf\u00e4ller und Erdarbeiter die \u00f6stlichen Regionen der Halbinsel verlie\u00dfen. Die savoyischen Schornsteinfeger waren besonders in Frankreich pr\u00e4sent.<\/p>\n<p>In Wirklichkeit handelte es sich bei den \"wandernden Berufen\" - seien es Musiker, Akrobaten oder Tiertrainer, Verk\u00e4ufer verschiedener Waren - um eine Vielzahl von Varianten der b\u00e4uerlichen Bettelei, die seit Jahrhunderten in Zeiten gro\u00dfer Not ausge\u00fcbt wurde.<\/p>\n<p>Mit der Verbesserung der Verkehrsmittel und dem Beginn der gro\u00dfen Auswanderung dehnten sich die Routen der Wanderer aus und erreichten zun\u00e4chst alle europ\u00e4ischen L\u00e4nder und dann Amerika. Die Polizeibeh\u00f6rden missbilligten sie, die st\u00e4ndig von Kindern begleitet wurden, deren Besch\u00e4ftigung oft nur ein Mittel war, um das Betteln zu verschleiern, zu dem sie gezwungen waren. Ihr erb\u00e4rmliches Schicksal erregte das Mitleid und die Emp\u00f6rung der herrschenden Klassen, die, gespalten in Bef\u00fcrworter und Gegner der Auswanderung, dieses Argument zu ihrem Vorteil nutzten. In Wirklichkeit hat sich das Ph\u00e4nomen von selbst entwickelt, ohne dass die Gesetze zur Regulierung der Kinderarbeit etwas dagegen unternommen h\u00e4tten. Manchmal waren es die V\u00e4ter selbst, die ihre Kinder mitnahmen oder sie zuverl\u00e4ssigen Personen \u00fcberlie\u00dfen, in der Hoffnung, dass sie auf den Wegen der Welt eine T\u00e4tigkeit erlernen w\u00fcrden, die sie ern\u00e4hren k\u00f6nnte.<\/p>\n<p>Diese mit den Symbolen der Kunst verkleidete Bettelei\" war das am weitesten verbreitete und auf den Stra\u00dfen der Welt sichtbare Bild des neuen K\u00f6nigreichs Italien. Es ist sicherlich nicht m\u00f6glich, die Grausamkeit der \"Meister\" gegen\u00fcber den Minderj\u00e4hrigen zu leugnen, die in fremde L\u00e4nder gebracht und dort besch\u00e4ftigt wurden. Ein Lehrlingsverh\u00e4ltnis, das so viele Berufe sowohl in Italien als auch im Ausland kennzeichnete, artete oft in Spekulationen und zwielichtige Gesch\u00e4fte aus, aber das war bei den Verk\u00e4ufern von Figuren in geringerem Ma\u00dfe der Fall.<\/p>\n<p>Andererseits konnten Familien in armen Verh\u00e4ltnissen es als Erleichterung empfinden, ein Kind einem Meister anzuvertrauen: ein Mund weniger zu ern\u00e4hren, eine kleine Entsch\u00e4digung zu erhalten und die Hoffnung, dass das Kleine den Beruf eines Verk\u00e4ufers und sp\u00e4ter eines echten Figurenmachers und sogar eines Meisters erlernen k\u00f6nnte. Im Ausland zu werben\" bedeutete, f\u00fcr einen Zeitraum von vierundzwanzig bis drei\u00dfig oder sechsunddrei\u00dfig Monaten wegzugehen. Der Meister, der Besitzer der Gussformen, gr\u00fcndete sein eigenes Unternehmen, zu dem verschiedene Berufe geh\u00f6rten: der Gie\u00dfer, der die Figuren mit den Gussformen herstellte, der Entgrater, der sie einheitlich machte, und der Kolorist, der sie bemalte.<\/p>\n<p>Am Zielort angekommen, wurde die Werkstatt eingerichtet und die hergestellten Statuen wurden von den Jungen auf der Stra\u00dfe verkauft. Sie stellten Madonnen und Heilige dar, den Papst (der nicht nur von den Italienern, sondern auch von den Iren, die Katholiken waren, gesch\u00e4tzt wurde), verschiedene Helden - Garibaldi verkaufte sich \u00fcberall gut - und Pers\u00f6nlichkeiten aus dem Land, in dem sie arbeiteten (in den Vereinigten Staaten war Pr\u00e4sident Abraham Lincoln sehr beliebt).<\/p>\n<p>Ein besonderer Beruf: der Figurinenmacher<\/p>\n<p>Der erste der spezialisierten Berufe, der sich vor allem von der Region Lucchesia aus in der ganzen Welt ausbreitete, war der des Figurinenmachers. Bereits in den Jahren zwischen 1870 und 1874, in denen eine Industrieerhebung durchgef\u00fchrt wurde, geh\u00f6rte der Beruf des Figurinenmachers zu den von Italienern im Ausland ausge\u00fcbten Berufen.<\/p>\n<p>In Paris zum Beispiel gab es mehr als ein Dutzend von ihnen, und mindestens sechs von ihnen \u00fcbten ihre Kunst in einem h\u00f6heren Grad aus, indem sie Sch\u00f6pfer von Modellen wurden\", w\u00e4hrend es etwa zweihundert \"Figuristen\" gab und die Zahl der Lehrlinge, die die Statuetten auf der Stra\u00dfe verkauften, unbekannt war.<\/p>\n\t\t\t\t\t<ul id=\"menu-il-lavoro\"><li id=\"menu-item-410\"><a href=\"https:\/\/www.museoemigrazioneitaliana.org\/de\/arbeit\/\">Die Arbeit<\/a>\n<ul>\n\t<li id=\"menu-item-416\"><a href=\"https:\/\/www.museoemigrazioneitaliana.org\/de\/arbeit\/auf-den-strasenhandlern-und-kindern\/\">Auf der Stra\u00dfe Hausierer und Kinder<\/a><\/li>\n\t<li id=\"menu-item-411\"><a href=\"https:\/\/www.museoemigrazioneitaliana.org\/de\/arbeit\/starke-arme-und-schwere-arbeit\/\">Starke Arme und schwere Arbeit<\/a><\/li>\n\t<li id=\"menu-item-415\"><a href=\"https:\/\/www.museoemigrazioneitaliana.org\/de\/arbeit\/grose-werke-und-auffallige-schicksale\/\">Gro\u00dfe Werke und auff\u00e4llige Schicksale<\/a><\/li>\n\t<li id=\"menu-item-413\"><a href=\"https:\/\/www.museoemigrazioneitaliana.org\/de\/arbeit\/zerbrechliche-frauen\/\">Zerbrechliche\" Frauen<\/a><\/li>\n\t<li id=\"menu-item-414\"><a href=\"https:\/\/www.museoemigrazioneitaliana.org\/de\/arbeit\/geschafte-und-laden\/\">Gesch\u00e4fte und L\u00e4den<\/a><\/li>\n\t<li id=\"menu-item-412\"><a href=\"https:\/\/www.museoemigrazioneitaliana.org\/de\/arbeit\/vom-gelehrten-zum-meister\/\">Vom Gelehrten zum Meister<\/a><\/li>\n<\/ul>\n<\/li>\n<\/ul>","protected":false},"excerpt":{"rendered":"<p>Avanguardie dell&#8217;emigrazione vera e propria furono coloro che esercitavano mestieri ambulanti ed erano perci\u00f2 in grado di riportare notizie e informazioni utili per progetti migratori duraturi. In Toscana i contadini andavano in Corsica, per i lavori agricoli, e poi in Francia, attratti da paghe migliori, anche se il mestiere qualificato pi\u00f9 diffuso era quello di [&hellip;]<\/p>\n","protected":false},"author":1,"featured_media":0,"parent":77,"menu_order":0,"comment_status":"closed","ping_status":"open","template":"","meta":{"_acf_changed":false,"site-sidebar-layout":"default","site-content-layout":"default","ast-site-content-layout":"default","site-content-style":"default","site-sidebar-style":"default","ast-global-header-display":"","ast-banner-title-visibility":"","ast-main-header-display":"","ast-hfb-above-header-display":"","ast-hfb-below-header-display":"","ast-hfb-mobile-header-display":"","site-post-title":"","ast-breadcrumbs-content":"","ast-featured-img":"","footer-sml-layout":"","ast-disable-related-posts":"","theme-transparent-header-meta":"default","adv-header-id-meta":"","stick-header-meta":"","header-above-stick-meta":"","header-main-stick-meta":"","header-below-stick-meta":"","astra-migrate-meta-layouts":"default","ast-page-background-enabled":"default","ast-page-background-meta":{"desktop":{"background-color":"","background-image":"","background-repeat":"repeat","background-position":"center center","background-size":"auto","background-attachment":"scroll","background-type":"","background-media":"","overlay-type":"","overlay-color":"","overlay-opacity":"","overlay-gradient":""},"tablet":{"background-color":"","background-image":"","background-repeat":"repeat","background-position":"center center","background-size":"auto","background-attachment":"scroll","background-type":"","background-media":"","overlay-type":"","overlay-color":"","overlay-opacity":"","overlay-gradient":""},"mobile":{"background-color":"","background-image":"","background-repeat":"repeat","background-position":"center center","background-size":"auto","background-attachment":"scroll","background-type":"","background-media":"","overlay-type":"","overlay-color":"","overlay-opacity":"","overlay-gradient":""}},"ast-content-background-meta":{"desktop":{"background-color":"var(--ast-global-color-5)","background-image":"","background-repeat":"repeat","background-position":"center center","background-size":"auto","background-attachment":"scroll","background-type":"","background-media":"","overlay-type":"","overlay-color":"","overlay-opacity":"","overlay-gradient":""},"tablet":{"background-color":"var(--ast-global-color-5)","background-image":"","background-repeat":"repeat","background-position":"center center","background-size":"auto","background-attachment":"scroll","background-type":"","background-media":"","overlay-type":"","overlay-color":"","overlay-opacity":"","overlay-gradient":""},"mobile":{"background-color":"var(--ast-global-color-5)","background-image":"","background-repeat":"repeat","background-position":"center center","background-size":"auto","background-attachment":"scroll","background-type":"","background-media":"","overlay-type":"","overlay-color":"","overlay-opacity":"","overlay-gradient":""}},"footnotes":""},"class_list":["post-79","page","type-page","status-publish","hentry"],"acf":[],"_links":{"self":[{"href":"https:\/\/www.museoemigrazioneitaliana.org\/de\/wp-json\/wp\/v2\/pages\/79","targetHints":{"allow":["GET"]}}],"collection":[{"href":"https:\/\/www.museoemigrazioneitaliana.org\/de\/wp-json\/wp\/v2\/pages"}],"about":[{"href":"https:\/\/www.museoemigrazioneitaliana.org\/de\/wp-json\/wp\/v2\/types\/page"}],"author":[{"embeddable":true,"href":"https:\/\/www.museoemigrazioneitaliana.org\/de\/wp-json\/wp\/v2\/users\/1"}],"replies":[{"embeddable":true,"href":"https:\/\/www.museoemigrazioneitaliana.org\/de\/wp-json\/wp\/v2\/comments?post=79"}],"version-history":[{"count":2,"href":"https:\/\/www.museoemigrazioneitaliana.org\/de\/wp-json\/wp\/v2\/pages\/79\/revisions"}],"predecessor-version":[{"id":3189,"href":"https:\/\/www.museoemigrazioneitaliana.org\/de\/wp-json\/wp\/v2\/pages\/79\/revisions\/3189"}],"up":[{"embeddable":true,"href":"https:\/\/www.museoemigrazioneitaliana.org\/de\/wp-json\/wp\/v2\/pages\/77"}],"wp:attachment":[{"href":"https:\/\/www.museoemigrazioneitaliana.org\/de\/wp-json\/wp\/v2\/media?parent=79"}],"curies":[{"name":"wp","href":"https:\/\/api.w.org\/{rel}","templated":true}]}}