{"id":75,"date":"2020-09-17T15:41:19","date_gmt":"2020-09-17T13:41:19","guid":{"rendered":"https:\/\/mei.ms-dev.it\/?page_id=75"},"modified":"2022-03-04T21:02:37","modified_gmt":"2022-03-04T20:02:37","slug":"larrivo","status":"publish","type":"page","link":"https:\/\/www.museoemigrazioneitaliana.org\/de\/le-mete\/larrivo\/","title":{"rendered":"Ankunft"},"content":{"rendered":"<p>In dem von den \"F\u00fchrern\" versprochenen irdischen Paradies sahen die Dinge tats\u00e4chlich anders aus. Schon bald nach ihrer Ankunft mussten die Einwanderer feststellen, dass sie in Amerika angekommen waren, wie es war, und nicht wie sie es sich ertr\u00e4umt hatten. Die Bilder vom Paradies auf Erden, die sie vor Augen und im Kopf hatten, entsprachen kaum den schwerf\u00e4lligen b\u00fcrokratischen Formalit\u00e4ten, denen sie unterworfen waren, und zumindest in den Vereinigten Staaten wurden viele von ihnen abgewiesen, vor allem weil sie an behinderten Krankheiten litten.<\/p>\n<p>Diejenigen, die ins Land gelassen wurden, wurden wie auf einem Viehmarkt oder einem Sklavenmarkt behandelt und verhandelt. Dar\u00fcber hinaus wurden im Laufe der Zeit verschiedene Ma\u00dfnahmen ergriffen, um den Umfang der Migrationsstr\u00f6me zu begrenzen. So wurden nicht nur w\u00e4hrend der Quarant\u00e4nezeit auf Ellis Island st\u00e4ndig strenge Hygienevorschriften durchgesetzt, sondern 1917 nach zwanzig Jahren entsprechender \"Drohungen\" auch die Alphabetisierungspr\u00fcfung eingef\u00fchrt und durch die Kontrolle des Analphabetismus eine wirksame Eind\u00e4mmung der Einwanderung durchgesetzt. In den fr\u00fchen 1920er Jahren wurden dann per Gesetz \"Zugangsquoten\" festgelegt. In der Praxis wurde die Zahl der Einwanderer, die pro Nationalit\u00e4t im Laufe eines Jahres ins Land kommen durften, j\u00e4hrlich von den zust\u00e4ndigen Beh\u00f6rden festgelegt.<\/p>\n<p>Auch in Argentinien und Brasilien, L\u00e4ndern, die gro\u00dfe Mengen italienischer Auswanderer aufnahmen, war die Ausschiffung nicht einfach. Vom Schiff aus erreichte man nach dem Umladen auf Booten und kleinen Booten das Festland (in Argentinien wurde das letzte St\u00fcck Wasser mit Pferdekarren \u00fcberquert, w\u00e4hrend man in Brasilien vom Hafen Santos aus mit dem Zug nach San Paolo gelangte).<\/p>\n<p>Auf dem Festland wurden die Menschen in Einrichtungen untergebracht, die man als Zwangsh\u00e4user bezeichnen k\u00f6nnte - das Hotel und die Immigranten-Hospedaria.<\/p>\n<p>Die Regierungen der beiden L\u00e4nder boten allgemeine Informationen \u00fcber die \u00f6rtlichen Sitten und Gebr\u00e4uche sowie die Hilfe der Arbeits\u00e4mter an, die jedoch keine Auswahl der Neuank\u00f6mmlinge auf der Grundlage ihrer beruflichen F\u00e4higkeiten vornahmen.<\/p>\n<p>In Wirklichkeit war die St\u00e4rke des Auswanderers die \"Migrationskette\", das Netz von Verwandten, Freunden und Landsleuten, die die Erfahrung des Exodus bereits hinter sich hatten, ihn durch jede Phase der Auswanderung begleiteten und seine Integration im Zielland erleichterten.<\/p>\n\t\t\t\t<img loading=\"lazy\" decoding=\"async\" src=\"https:\/\/www.museoemigrazioneitaliana.org\/wp-content\/uploads\/2022\/03\/veduta-ellis-1.jpg\" alt=\"USA, New York. Blick auf Ellis Island\" itemprop=\"image\" height=\"320\" width=\"1000\" title=\"anzeigen-ellis-1\" onerror=\"this.style.display='none'\"  \/>\n\t\tUSA, New York. Blick auf Ellis Island\n\t\t\t\t\t<ul id=\"menu-le-mete\"><li id=\"menu-item-403\"><a href=\"https:\/\/www.museoemigrazioneitaliana.org\/de\/reiseziele\/\">Reiseziele<\/a>\n<ul>\n\t<li id=\"menu-item-409\"><a href=\"https:\/\/www.museoemigrazioneitaliana.org\/de\/reiseziele\/larrivo\/\">Ankunft<\/a><\/li>\n\t<li id=\"menu-item-1529\"><a href=\"https:\/\/www.museoemigrazioneitaliana.org\/de\/reiseziele\/nordamerika\/\">Nord-Amerika<\/a><\/li>\n\t<li id=\"menu-item-1530\"><a href=\"https:\/\/www.museoemigrazioneitaliana.org\/de\/reiseziele\/sudamerika\/\">S\u00fcdamerika<\/a><\/li>\n\t<li id=\"menu-item-1532\"><a href=\"https:\/\/www.museoemigrazioneitaliana.org\/de\/reiseziele\/europa\/\">Europa<\/a><\/li>\n\t<li id=\"menu-item-1531\"><a href=\"https:\/\/www.museoemigrazioneitaliana.org\/de\/reiseziele\/australien\/\">Australien<\/a><\/li>\n\t<li id=\"menu-item-1528\"><a href=\"https:\/\/www.museoemigrazioneitaliana.org\/de\/reiseziele\/afrika\/\">Afrika<\/a><\/li>\n<\/ul>\n<\/li>\n<\/ul>","protected":false},"excerpt":{"rendered":"<p>Nel paradiso terrestre promesso dalle &#8220;Guide&#8221; le cose, in realt\u00e0, stavano diversamente. Subito dopo l&#8217;arrivo gli immigrati cominciavano a rendersi conto di essere giunti nell&#8217;America com&#8217;era e non come l&#8217;avevano sognata. Le immagini da paradiso terrestre di cui si erano riempiti gli occhi e la mente trovavano scarso riscontro nelle pesanti formalit\u00e0 burocratiche cui venivano [&hellip;]<\/p>\n","protected":false},"author":1,"featured_media":0,"parent":63,"menu_order":0,"comment_status":"closed","ping_status":"open","template":"","meta":{"_acf_changed":false,"site-sidebar-layout":"default","site-content-layout":"default","ast-site-content-layout":"default","site-content-style":"default","site-sidebar-style":"default","ast-global-header-display":"","ast-banner-title-visibility":"","ast-main-header-display":"","ast-hfb-above-header-display":"","ast-hfb-below-header-display":"","ast-hfb-mobile-header-display":"","site-post-title":"","ast-breadcrumbs-content":"","ast-featured-img":"","footer-sml-layout":"","ast-disable-related-posts":"","theme-transparent-header-meta":"default","adv-header-id-meta":"","stick-header-meta":"","header-above-stick-meta":"","header-main-stick-meta":"","header-below-stick-meta":"","astra-migrate-meta-layouts":"default","ast-page-background-enabled":"default","ast-page-background-meta":{"desktop":{"background-color":"","background-image":"","background-repeat":"repeat","background-position":"center center","background-size":"auto","background-attachment":"scroll","background-type":"","background-media":"","overlay-type":"","overlay-color":"","overlay-opacity":"","overlay-gradient":""},"tablet":{"background-color":"","background-image":"","background-repeat":"repeat","background-position":"center center","background-size":"auto","background-attachment":"scroll","background-type":"","background-media":"","overlay-type":"","overlay-color":"","overlay-opacity":"","overlay-gradient":""},"mobile":{"background-color":"","background-image":"","background-repeat":"repeat","background-position":"center center","background-size":"auto","background-attachment":"scroll","background-type":"","background-media":"","overlay-type":"","overlay-color":"","overlay-opacity":"","overlay-gradient":""}},"ast-content-background-meta":{"desktop":{"background-color":"var(--ast-global-color-5)","background-image":"","background-repeat":"repeat","background-position":"center center","background-size":"auto","background-attachment":"scroll","background-type":"","background-media":"","overlay-type":"","overlay-color":"","overlay-opacity":"","overlay-gradient":""},"tablet":{"background-color":"var(--ast-global-color-5)","background-image":"","background-repeat":"repeat","background-position":"center center","background-size":"auto","background-attachment":"scroll","background-type":"","background-media":"","overlay-type":"","overlay-color":"","overlay-opacity":"","overlay-gradient":""},"mobile":{"background-color":"var(--ast-global-color-5)","background-image":"","background-repeat":"repeat","background-position":"center center","background-size":"auto","background-attachment":"scroll","background-type":"","background-media":"","overlay-type":"","overlay-color":"","overlay-opacity":"","overlay-gradient":""}},"footnotes":""},"class_list":["post-75","page","type-page","status-publish","hentry"],"acf":[],"_links":{"self":[{"href":"https:\/\/www.museoemigrazioneitaliana.org\/de\/wp-json\/wp\/v2\/pages\/75","targetHints":{"allow":["GET"]}}],"collection":[{"href":"https:\/\/www.museoemigrazioneitaliana.org\/de\/wp-json\/wp\/v2\/pages"}],"about":[{"href":"https:\/\/www.museoemigrazioneitaliana.org\/de\/wp-json\/wp\/v2\/types\/page"}],"author":[{"embeddable":true,"href":"https:\/\/www.museoemigrazioneitaliana.org\/de\/wp-json\/wp\/v2\/users\/1"}],"replies":[{"embeddable":true,"href":"https:\/\/www.museoemigrazioneitaliana.org\/de\/wp-json\/wp\/v2\/comments?post=75"}],"version-history":[{"count":2,"href":"https:\/\/www.museoemigrazioneitaliana.org\/de\/wp-json\/wp\/v2\/pages\/75\/revisions"}],"predecessor-version":[{"id":3010,"href":"https:\/\/www.museoemigrazioneitaliana.org\/de\/wp-json\/wp\/v2\/pages\/75\/revisions\/3010"}],"up":[{"embeddable":true,"href":"https:\/\/www.museoemigrazioneitaliana.org\/de\/wp-json\/wp\/v2\/pages\/63"}],"wp:attachment":[{"href":"https:\/\/www.museoemigrazioneitaliana.org\/de\/wp-json\/wp\/v2\/media?parent=75"}],"curies":[{"name":"wp","href":"https:\/\/api.w.org\/{rel}","templated":true}]}}