{"id":73,"date":"2020-09-17T15:41:02","date_gmt":"2020-09-17T13:41:02","guid":{"rendered":"https:\/\/mei.ms-dev.it\/?page_id=73"},"modified":"2022-03-10T11:03:52","modified_gmt":"2022-03-10T10:03:52","slug":"afrika","status":"publish","type":"page","link":"https:\/\/www.museoemigrazioneitaliana.org\/de\/le-mete\/africa\/","title":{"rendered":"Afrika"},"content":{"rendered":"<p>Die italienische Auswanderung nach Afrika ist im Vergleich zu den Auswanderungsstr\u00f6men nach \u00dcbersee und ins \u00fcbrige Europa ein geringes Ph\u00e4nomen, doch bereits zu Beginn des 19. Jahrhunderts lie\u00dfen sich die ersten Italiener in Nordafrika nieder. Diese Auswanderung kam haupts\u00e4chlich aus S\u00fcditalien, das geografisch n\u00e4her am afrikanischen Kontinent liegt. Die italienische Pr\u00e4senz in diesen Regionen nahm ab etwa 1880 zu und konzentrierte sich vor allem auf \u00c4gypten, wo sich aufgrund der Er\u00f6ffnung des Suezkanals bereits eine gro\u00dfe italienische Arbeitergemeinde niedergelassen hatte, und auf Tunesien, wo Gro\u00dfbritannien bzw. Frankreich ihre Protektorate eingerichtet hatten.<\/p>\n<p>In den folgenden Jahren war die italienische Auswanderung auf dem afrikanischen Kontinent mit der Kolonisierung verbunden, die mit Eritrea begann und sich in Somalia, Libyen und \u00c4thiopien mit der Annexion 1936, der Verfassung von Italienisch-Ostafrika und der Ausrufung des Kaiserreichs fortsetzte.<\/p>\n<p>Mit der Macht\u00fcbernahme durch Benito Mussolini versuchte der Faschismus, die Migrationsstr\u00f6me von Italienern nach Amerika einzud\u00e4mmen, indem er sie in die italienischen Kolonien in Ostafrika (Somalia, Eritrea und \u00c4thiopien) und nach Libyen umleitete.<\/p>\n<p>Nach dem Zweiten Weltkrieg und der anschlie\u00dfenden Entkolonialisierung begann die Repatriierung vieler Italiener, die 1970 mit der Macht\u00fcbernahme durch Mu'ammar Gaddafi in Libyen ihren H\u00f6hepunkt erreichte. <\/p>\n\t\t\t\t<img loading=\"lazy\" decoding=\"async\" src=\"https:\/\/www.museoemigrazioneitaliana.org\/wp-content\/uploads\/2022\/01\/989-ok-3.jpg\" alt=\"T\u00fanez, Sfax, Arbeiter bei der Arbeit in einer M\u00fclldeponie\" itemprop=\"image\" height=\"604\" width=\"1000\" title=\"989 OK\" onerror=\"this.style.display='none'\"  \/>\n\t\tT\u00fanez, Sfax, Arbeiter bei der Arbeit in einer M\u00fclldeponie\n\t\t\t\t\t<ul id=\"menu-le-mete\"><li id=\"menu-item-403\"><a href=\"https:\/\/www.museoemigrazioneitaliana.org\/de\/reiseziele\/\">Reiseziele<\/a>\n<ul>\n\t<li id=\"menu-item-409\"><a href=\"https:\/\/www.museoemigrazioneitaliana.org\/de\/reiseziele\/larrivo\/\">Ankunft<\/a><\/li>\n\t<li id=\"menu-item-1529\"><a href=\"https:\/\/www.museoemigrazioneitaliana.org\/de\/reiseziele\/nordamerika\/\">Nord-Amerika<\/a><\/li>\n\t<li id=\"menu-item-1530\"><a href=\"https:\/\/www.museoemigrazioneitaliana.org\/de\/reiseziele\/sudamerika\/\">S\u00fcdamerika<\/a><\/li>\n\t<li id=\"menu-item-1532\"><a href=\"https:\/\/www.museoemigrazioneitaliana.org\/de\/reiseziele\/europa\/\">Europa<\/a><\/li>\n\t<li id=\"menu-item-1531\"><a href=\"https:\/\/www.museoemigrazioneitaliana.org\/de\/reiseziele\/australien\/\">Australien<\/a><\/li>\n\t<li id=\"menu-item-1528\"><a href=\"https:\/\/www.museoemigrazioneitaliana.org\/de\/reiseziele\/afrika\/\">Afrika<\/a><\/li>\n<\/ul>\n<\/li>\n<\/ul>","protected":false},"excerpt":{"rendered":"<p>L&#8217;emigrazione italiana in Africa rappresenta un fenomeno minore rispetto ai flussi di espatri diretti oltreoceano e verso il resto d&#8217;Europa,\u00a0tuttavia gi\u00e0 dai primi anni dell&#8217;Ottocento troviamo i primi italiani insediati nel Nord Africa. Si tratta di un&#8217;emigrazione proveniente in prevalenza dall&#8217;Italia del sud, geograficamente pi\u00f9 vicina al continente africano. La presenza italiana in queste regioni [&hellip;]<\/p>\n","protected":false},"author":1,"featured_media":0,"parent":63,"menu_order":0,"comment_status":"closed","ping_status":"open","template":"","meta":{"_acf_changed":false,"site-sidebar-layout":"default","site-content-layout":"default","ast-site-content-layout":"default","site-content-style":"default","site-sidebar-style":"default","ast-global-header-display":"","ast-banner-title-visibility":"","ast-main-header-display":"","ast-hfb-above-header-display":"","ast-hfb-below-header-display":"","ast-hfb-mobile-header-display":"","site-post-title":"","ast-breadcrumbs-content":"","ast-featured-img":"","footer-sml-layout":"","ast-disable-related-posts":"","theme-transparent-header-meta":"default","adv-header-id-meta":"","stick-header-meta":"","header-above-stick-meta":"","header-main-stick-meta":"","header-below-stick-meta":"","astra-migrate-meta-layouts":"default","ast-page-background-enabled":"default","ast-page-background-meta":{"desktop":{"background-color":"","background-image":"","background-repeat":"repeat","background-position":"center center","background-size":"auto","background-attachment":"scroll","background-type":"","background-media":"","overlay-type":"","overlay-color":"","overlay-opacity":"","overlay-gradient":""},"tablet":{"background-color":"","background-image":"","background-repeat":"repeat","background-position":"center center","background-size":"auto","background-attachment":"scroll","background-type":"","background-media":"","overlay-type":"","overlay-color":"","overlay-opacity":"","overlay-gradient":""},"mobile":{"background-color":"","background-image":"","background-repeat":"repeat","background-position":"center center","background-size":"auto","background-attachment":"scroll","background-type":"","background-media":"","overlay-type":"","overlay-color":"","overlay-opacity":"","overlay-gradient":""}},"ast-content-background-meta":{"desktop":{"background-color":"var(--ast-global-color-5)","background-image":"","background-repeat":"repeat","background-position":"center center","background-size":"auto","background-attachment":"scroll","background-type":"","background-media":"","overlay-type":"","overlay-color":"","overlay-opacity":"","overlay-gradient":""},"tablet":{"background-color":"var(--ast-global-color-5)","background-image":"","background-repeat":"repeat","background-position":"center center","background-size":"auto","background-attachment":"scroll","background-type":"","background-media":"","overlay-type":"","overlay-color":"","overlay-opacity":"","overlay-gradient":""},"mobile":{"background-color":"var(--ast-global-color-5)","background-image":"","background-repeat":"repeat","background-position":"center center","background-size":"auto","background-attachment":"scroll","background-type":"","background-media":"","overlay-type":"","overlay-color":"","overlay-opacity":"","overlay-gradient":""}},"footnotes":""},"class_list":["post-73","page","type-page","status-publish","hentry"],"acf":[],"_links":{"self":[{"href":"https:\/\/www.museoemigrazioneitaliana.org\/de\/wp-json\/wp\/v2\/pages\/73","targetHints":{"allow":["GET"]}}],"collection":[{"href":"https:\/\/www.museoemigrazioneitaliana.org\/de\/wp-json\/wp\/v2\/pages"}],"about":[{"href":"https:\/\/www.museoemigrazioneitaliana.org\/de\/wp-json\/wp\/v2\/types\/page"}],"author":[{"embeddable":true,"href":"https:\/\/www.museoemigrazioneitaliana.org\/de\/wp-json\/wp\/v2\/users\/1"}],"replies":[{"embeddable":true,"href":"https:\/\/www.museoemigrazioneitaliana.org\/de\/wp-json\/wp\/v2\/comments?post=73"}],"version-history":[{"count":2,"href":"https:\/\/www.museoemigrazioneitaliana.org\/de\/wp-json\/wp\/v2\/pages\/73\/revisions"}],"predecessor-version":[{"id":3185,"href":"https:\/\/www.museoemigrazioneitaliana.org\/de\/wp-json\/wp\/v2\/pages\/73\/revisions\/3185"}],"up":[{"embeddable":true,"href":"https:\/\/www.museoemigrazioneitaliana.org\/de\/wp-json\/wp\/v2\/pages\/63"}],"wp:attachment":[{"href":"https:\/\/www.museoemigrazioneitaliana.org\/de\/wp-json\/wp\/v2\/media?parent=73"}],"curies":[{"name":"wp","href":"https:\/\/api.w.org\/{rel}","templated":true}]}}