{"id":67,"date":"2020-09-17T15:39:37","date_gmt":"2020-09-17T13:39:37","guid":{"rendered":"https:\/\/mei.ms-dev.it\/?page_id=67"},"modified":"2022-03-10T10:58:21","modified_gmt":"2022-03-10T09:58:21","slug":"sudamerika","status":"publish","type":"page","link":"https:\/\/www.museoemigrazioneitaliana.org\/de\/le-mete\/america-del-sud\/","title":{"rendered":"S\u00fcdamerika"},"content":{"rendered":"<p>Urspr\u00fcnglich waren es Auswanderer aus den landwirtschaftlichen Regionen Norditaliens, die die Schiffe nach S\u00fcdamerika bev\u00f6lkerten. Diejenigen, die sich ein teureres Ticket leisten konnten, gingen nach S\u00fcdamerika, wo die Integration sicherlich einfacher war. Die s\u00fcdamerikanische Kultur war der italienischen n\u00e4mlich sehr \u00e4hnlich, auch die religi\u00f6se, und es gab weniger Probleme mit der Sprache. Nach Brasilien ging es haupts\u00e4chlich aus Venetien und Friaul, nach Argentinien haupts\u00e4chlich aus dem Piemont. Es handelte sich um zwei grenzenlose, d\u00fcnn besiedelte Staaten, die die lokalen Regierungen durch die F\u00f6rderung der Einwanderung aus Europa bev\u00f6lkern wollten. Die Auswanderung nach Brasilien und Argentinien, die mehr als ein Jahrhundert andauerte, kam erst Ende der 1950er Jahre infolge der wirtschaftlichen Rezession zum Stillstand.<\/p>\n<p>Auch wenn Brasilien und Argentinien und in geringerem Ma\u00dfe Uruguay die unmittelbarsten Ziele darstellten, da sie auf den Routen der transatlantischen Linienschiffe lagen, sollte die italienische Auswanderung in andere lateinamerikanische Staaten wie Chile, Peru, Ecuador, Kolumbien und Venezuela nicht vergessen werden. Vor allem im letztgenannten Staat kam es in den 1950er Jahren zu einem regelrechten Migrationsboom, der mit der Entdeckung von \u00d6lfeldern und der damit verbundenen industriellen Entwicklung des Landes zusammenhing.<\/p>\n\t\t\t\t<img loading=\"lazy\" decoding=\"async\" src=\"https:\/\/www.museoemigrazioneitaliana.org\/wp-content\/uploads\/2022\/01\/1138-ok.jpg\" alt=\"Brasilien, Rio Grande del Sud, Caxias, 1905. Die Familie Ronca\" itemprop=\"image\" height=\"507\" width=\"800\" title=\"1138 OK\" onerror=\"this.style.display='none'\"  \/>\n\t\tBrasilien, Rio Grande del Sud, Caxias, 1905. Die Familie Ronca\n\t\t\t\t\t<ul id=\"menu-le-mete\"><li id=\"menu-item-403\"><a href=\"https:\/\/www.museoemigrazioneitaliana.org\/de\/reiseziele\/\">Reiseziele<\/a>\n<ul>\n\t<li id=\"menu-item-409\"><a href=\"https:\/\/www.museoemigrazioneitaliana.org\/de\/reiseziele\/larrivo\/\">Ankunft<\/a><\/li>\n\t<li id=\"menu-item-1529\"><a href=\"https:\/\/www.museoemigrazioneitaliana.org\/de\/reiseziele\/nordamerika\/\">Nord-Amerika<\/a><\/li>\n\t<li id=\"menu-item-1530\"><a href=\"https:\/\/www.museoemigrazioneitaliana.org\/de\/reiseziele\/sudamerika\/\">S\u00fcdamerika<\/a><\/li>\n\t<li id=\"menu-item-1532\"><a href=\"https:\/\/www.museoemigrazioneitaliana.org\/de\/reiseziele\/europa\/\">Europa<\/a><\/li>\n\t<li id=\"menu-item-1531\"><a href=\"https:\/\/www.museoemigrazioneitaliana.org\/de\/reiseziele\/australien\/\">Australien<\/a><\/li>\n\t<li id=\"menu-item-1528\"><a href=\"https:\/\/www.museoemigrazioneitaliana.org\/de\/reiseziele\/afrika\/\">Afrika<\/a><\/li>\n<\/ul>\n<\/li>\n<\/ul>","protected":false},"excerpt":{"rendered":"<p>A popolare i bastimenti diretti verso l&#8217;America del Sud furono inizialmente gli emigranti provenienti dalle regioni agricole del Nord Italia. Chi si poteva permettere un biglietto pi\u00f9 costoso andava in Sudamerica, dove l&#8217;integrazione era sicuramente pi\u00f9 facile. La cultura sudamericana era infatti molto vicina a quella italiana, anche quella religiosa, e c&#8217;erano minori problemi con [&hellip;]<\/p>\n","protected":false},"author":1,"featured_media":0,"parent":63,"menu_order":0,"comment_status":"closed","ping_status":"open","template":"","meta":{"_acf_changed":false,"site-sidebar-layout":"default","site-content-layout":"default","ast-site-content-layout":"default","site-content-style":"default","site-sidebar-style":"default","ast-global-header-display":"","ast-banner-title-visibility":"","ast-main-header-display":"","ast-hfb-above-header-display":"","ast-hfb-below-header-display":"","ast-hfb-mobile-header-display":"","site-post-title":"","ast-breadcrumbs-content":"","ast-featured-img":"","footer-sml-layout":"","ast-disable-related-posts":"","theme-transparent-header-meta":"default","adv-header-id-meta":"","stick-header-meta":"","header-above-stick-meta":"","header-main-stick-meta":"","header-below-stick-meta":"","astra-migrate-meta-layouts":"default","ast-page-background-enabled":"default","ast-page-background-meta":{"desktop":{"background-color":"","background-image":"","background-repeat":"repeat","background-position":"center center","background-size":"auto","background-attachment":"scroll","background-type":"","background-media":"","overlay-type":"","overlay-color":"","overlay-opacity":"","overlay-gradient":""},"tablet":{"background-color":"","background-image":"","background-repeat":"repeat","background-position":"center center","background-size":"auto","background-attachment":"scroll","background-type":"","background-media":"","overlay-type":"","overlay-color":"","overlay-opacity":"","overlay-gradient":""},"mobile":{"background-color":"","background-image":"","background-repeat":"repeat","background-position":"center center","background-size":"auto","background-attachment":"scroll","background-type":"","background-media":"","overlay-type":"","overlay-color":"","overlay-opacity":"","overlay-gradient":""}},"ast-content-background-meta":{"desktop":{"background-color":"var(--ast-global-color-5)","background-image":"","background-repeat":"repeat","background-position":"center center","background-size":"auto","background-attachment":"scroll","background-type":"","background-media":"","overlay-type":"","overlay-color":"","overlay-opacity":"","overlay-gradient":""},"tablet":{"background-color":"var(--ast-global-color-5)","background-image":"","background-repeat":"repeat","background-position":"center center","background-size":"auto","background-attachment":"scroll","background-type":"","background-media":"","overlay-type":"","overlay-color":"","overlay-opacity":"","overlay-gradient":""},"mobile":{"background-color":"var(--ast-global-color-5)","background-image":"","background-repeat":"repeat","background-position":"center center","background-size":"auto","background-attachment":"scroll","background-type":"","background-media":"","overlay-type":"","overlay-color":"","overlay-opacity":"","overlay-gradient":""}},"footnotes":""},"class_list":["post-67","page","type-page","status-publish","hentry"],"acf":[],"_links":{"self":[{"href":"https:\/\/www.museoemigrazioneitaliana.org\/de\/wp-json\/wp\/v2\/pages\/67","targetHints":{"allow":["GET"]}}],"collection":[{"href":"https:\/\/www.museoemigrazioneitaliana.org\/de\/wp-json\/wp\/v2\/pages"}],"about":[{"href":"https:\/\/www.museoemigrazioneitaliana.org\/de\/wp-json\/wp\/v2\/types\/page"}],"author":[{"embeddable":true,"href":"https:\/\/www.museoemigrazioneitaliana.org\/de\/wp-json\/wp\/v2\/users\/1"}],"replies":[{"embeddable":true,"href":"https:\/\/www.museoemigrazioneitaliana.org\/de\/wp-json\/wp\/v2\/comments?post=67"}],"version-history":[{"count":2,"href":"https:\/\/www.museoemigrazioneitaliana.org\/de\/wp-json\/wp\/v2\/pages\/67\/revisions"}],"predecessor-version":[{"id":3182,"href":"https:\/\/www.museoemigrazioneitaliana.org\/de\/wp-json\/wp\/v2\/pages\/67\/revisions\/3182"}],"up":[{"embeddable":true,"href":"https:\/\/www.museoemigrazioneitaliana.org\/de\/wp-json\/wp\/v2\/pages\/63"}],"wp:attachment":[{"href":"https:\/\/www.museoemigrazioneitaliana.org\/de\/wp-json\/wp\/v2\/media?parent=67"}],"curies":[{"name":"wp","href":"https:\/\/api.w.org\/{rel}","templated":true}]}}