{"id":65,"date":"2020-09-17T15:39:15","date_gmt":"2020-09-17T13:39:15","guid":{"rendered":"https:\/\/mei.ms-dev.it\/?page_id=65"},"modified":"2022-01-27T10:29:07","modified_gmt":"2022-01-27T09:29:07","slug":"nordamerika","status":"publish","type":"page","link":"https:\/\/www.museoemigrazioneitaliana.org\/de\/le-mete\/america-del-nord\/","title":{"rendered":"Nord-Amerika"},"content":{"rendered":"Der italienische Migrationsstrom nach Kanada und in die Vereinigten Staaten wies einige gemeinsame Merkmale auf, unterschied sich aber in Anzahl und Zeitpunkt deutlich.<br \/>\nDie Gesamtzahlen sind eindeutig: Kanada nahm zwischen 1876 und 1976 etwas mehr als eine halbe Million Auswanderer auf, w\u00e4hrend es in den Vereinigten Staaten etwa sechs Millionen waren.<br \/>\nZu Beginn des 20. Jahrhunderts gab es 6 854 Italiener in Kanada. In den Vereinigten Staaten waren es etwa eine Million.<br \/>\nTats\u00e4chlich wurde Kanada erst nach dem Zweiten Weltkrieg zu einem Auswanderungsland, als der Zustrom aus Italien infolge des Wirtschaftswachstums des Landes stark zunahm. Der Zustrom aus den Vereinigten Staaten war in denselben Jahren gering und konstant.<br \/>\nIn beiden Staaten fand ein gro\u00dfer Teil der Einwanderer zun\u00e4chst Arbeit im gro\u00df angelegten Bau von Eisenbahnen oder anderen \u00f6ffentlichen Arbeiten.<br \/>\nIhr Arbeitseifer verhalf den Italienern zu einem entscheidenden Rollensprung: Urspr\u00fcnglich waren sie eine \"nicht erw\u00fcnschte Nationalit\u00e4t\". Mit der Zeit wurden sie gesch\u00e4tzt und geachtet.\n\t\t\t\t\t<ul id=\"menu-le-mete\"><li id=\"menu-item-403\"><a href=\"https:\/\/www.museoemigrazioneitaliana.org\/de\/reiseziele\/\">Reiseziele<\/a>\n<ul>\n\t<li id=\"menu-item-409\"><a href=\"https:\/\/www.museoemigrazioneitaliana.org\/de\/reiseziele\/larrivo\/\">Ankunft<\/a><\/li>\n\t<li id=\"menu-item-1529\"><a href=\"https:\/\/www.museoemigrazioneitaliana.org\/de\/reiseziele\/nordamerika\/\">Nord-Amerika<\/a><\/li>\n\t<li id=\"menu-item-1530\"><a href=\"https:\/\/www.museoemigrazioneitaliana.org\/de\/reiseziele\/sudamerika\/\">S\u00fcdamerika<\/a><\/li>\n\t<li id=\"menu-item-1532\"><a href=\"https:\/\/www.museoemigrazioneitaliana.org\/de\/reiseziele\/europa\/\">Europa<\/a><\/li>\n\t<li id=\"menu-item-1531\"><a href=\"https:\/\/www.museoemigrazioneitaliana.org\/de\/reiseziele\/australien\/\">Australien<\/a><\/li>\n\t<li id=\"menu-item-1528\"><a href=\"https:\/\/www.museoemigrazioneitaliana.org\/de\/reiseziele\/afrika\/\">Afrika<\/a><\/li>\n<\/ul>\n<\/li>\n<\/ul>\t\n\t<h5>\n\t\tEinblicke\n\t<\/h5>\n\t<h6><strong>Merica\" ist Miss Liberty<\/strong><\/h6>\n<p>Die Freiheitsstatue - immer Miss Liberty genannt - wurde den Vereinigten Staaten von Frankreich als Zeichen der Freundschaft geschenkt und war eng mit dem Ph\u00e4nomen der Auswanderung verbunden ... (<a href=\"https:\/\/www.museoemigrazioneitaliana.org\/de\/einblicke\/merica-und-miss-liberty\/\">folgt<\/a>)<\/p>\n\t\t\t\t<img loading=\"lazy\" decoding=\"async\" src=\"https:\/\/www.museoemigrazioneitaliana.org\/wp-content\/uploads\/2022\/01\/6936-ok.jpg\" alt=\"Mit Blick auf New York\" itemprop=\"image\" height=\"519\" width=\"800\" title=\"6936 OK\" onerror=\"this.style.display='none'\"  \/>\n\t\tMit Blick auf New York","protected":false},"excerpt":{"rendered":"<p>Il flusso migratorio italiano in Canada e negli Stati Uniti ha avuto alcune caratteristiche comuni ed una notevole differenziazione per numeri e tempi. Le cifre complessive sono chiare: il Canada, tra il 1876 e il 1976, ha accolto poco pi\u00f9 di mezzo milione di emigrati di fronte ai circa sei milioni degli Stati Uniti. All&#8217;inizio [&hellip;]<\/p>\n","protected":false},"author":1,"featured_media":0,"parent":63,"menu_order":0,"comment_status":"closed","ping_status":"open","template":"","meta":{"_acf_changed":false,"site-sidebar-layout":"default","site-content-layout":"default","ast-site-content-layout":"default","site-content-style":"default","site-sidebar-style":"default","ast-global-header-display":"","ast-banner-title-visibility":"","ast-main-header-display":"","ast-hfb-above-header-display":"","ast-hfb-below-header-display":"","ast-hfb-mobile-header-display":"","site-post-title":"","ast-breadcrumbs-content":"","ast-featured-img":"","footer-sml-layout":"","ast-disable-related-posts":"","theme-transparent-header-meta":"default","adv-header-id-meta":"","stick-header-meta":"","header-above-stick-meta":"","header-main-stick-meta":"","header-below-stick-meta":"","astra-migrate-meta-layouts":"default","ast-page-background-enabled":"default","ast-page-background-meta":{"desktop":{"background-color":"","background-image":"","background-repeat":"repeat","background-position":"center center","background-size":"auto","background-attachment":"scroll","background-type":"","background-media":"","overlay-type":"","overlay-color":"","overlay-opacity":"","overlay-gradient":""},"tablet":{"background-color":"","background-image":"","background-repeat":"repeat","background-position":"center center","background-size":"auto","background-attachment":"scroll","background-type":"","background-media":"","overlay-type":"","overlay-color":"","overlay-opacity":"","overlay-gradient":""},"mobile":{"background-color":"","background-image":"","background-repeat":"repeat","background-position":"center center","background-size":"auto","background-attachment":"scroll","background-type":"","background-media":"","overlay-type":"","overlay-color":"","overlay-opacity":"","overlay-gradient":""}},"ast-content-background-meta":{"desktop":{"background-color":"var(--ast-global-color-5)","background-image":"","background-repeat":"repeat","background-position":"center center","background-size":"auto","background-attachment":"scroll","background-type":"","background-media":"","overlay-type":"","overlay-color":"","overlay-opacity":"","overlay-gradient":""},"tablet":{"background-color":"var(--ast-global-color-5)","background-image":"","background-repeat":"repeat","background-position":"center center","background-size":"auto","background-attachment":"scroll","background-type":"","background-media":"","overlay-type":"","overlay-color":"","overlay-opacity":"","overlay-gradient":""},"mobile":{"background-color":"var(--ast-global-color-5)","background-image":"","background-repeat":"repeat","background-position":"center center","background-size":"auto","background-attachment":"scroll","background-type":"","background-media":"","overlay-type":"","overlay-color":"","overlay-opacity":"","overlay-gradient":""}},"footnotes":""},"class_list":["post-65","page","type-page","status-publish","hentry"],"acf":[],"_links":{"self":[{"href":"https:\/\/www.museoemigrazioneitaliana.org\/de\/wp-json\/wp\/v2\/pages\/65","targetHints":{"allow":["GET"]}}],"collection":[{"href":"https:\/\/www.museoemigrazioneitaliana.org\/de\/wp-json\/wp\/v2\/pages"}],"about":[{"href":"https:\/\/www.museoemigrazioneitaliana.org\/de\/wp-json\/wp\/v2\/types\/page"}],"author":[{"embeddable":true,"href":"https:\/\/www.museoemigrazioneitaliana.org\/de\/wp-json\/wp\/v2\/users\/1"}],"replies":[{"embeddable":true,"href":"https:\/\/www.museoemigrazioneitaliana.org\/de\/wp-json\/wp\/v2\/comments?post=65"}],"version-history":[{"count":2,"href":"https:\/\/www.museoemigrazioneitaliana.org\/de\/wp-json\/wp\/v2\/pages\/65\/revisions"}],"predecessor-version":[{"id":1725,"href":"https:\/\/www.museoemigrazioneitaliana.org\/de\/wp-json\/wp\/v2\/pages\/65\/revisions\/1725"}],"up":[{"embeddable":true,"href":"https:\/\/www.museoemigrazioneitaliana.org\/de\/wp-json\/wp\/v2\/pages\/63"}],"wp:attachment":[{"href":"https:\/\/www.museoemigrazioneitaliana.org\/de\/wp-json\/wp\/v2\/media?parent=65"}],"curies":[{"name":"wp","href":"https:\/\/api.w.org\/{rel}","templated":true}]}}