{"id":63,"date":"2020-09-17T15:38:55","date_gmt":"2020-09-17T13:38:55","guid":{"rendered":"https:\/\/mei.ms-dev.it\/?page_id=63"},"modified":"2022-01-26T11:53:16","modified_gmt":"2022-01-26T10:53:16","slug":"reiseziele","status":"publish","type":"page","link":"https:\/\/www.museoemigrazioneitaliana.org\/de\/le-mete\/","title":{"rendered":"Reiseziele"},"content":{"rendered":"<h4>Sie gehen... wohin?<\/h4>\n<p>Jahrhunderts gab es zwar kleine Kerne italienischer Emigranten in Amerika, die nach dem Scheitern der verschiedenen Aufst\u00e4nde des Risorgimento h\u00e4ufig ins Ausland gingen, doch ab den letzten Jahrzehnten des 19. Jahrhunderts entwickelte sich ein Migrationsstrom von gewissem Ausma\u00df, der sich zun\u00e4chst in Richtung der europ\u00e4ischen L\u00e4nder bewegte und zun\u00e4chst die n\u00f6rdlichen Regionen - vor allem Ligurien - und erst sp\u00e4ter die s\u00fcdlichen Regionen betraf, die jedoch eine klare Pr\u00e4ferenz f\u00fcr \u00fcberseeische Ziele zeigten.<\/p>\n<p>Entscheidend f\u00fcr die Wahl zwischen den beiden Amerikas war die Frage, ob man Geld in die Auswanderung investieren konnte oder nicht. Es war teurer, nach Lateinamerika zu gehen, wo die wirtschaftlichen Aussichten besser waren, die Sprachprobleme leichter zu \u00fcberwinden und die kulturellen Unterschiede geringer. Andererseits kostete das Ticket in die Vereinigten Staaten weniger, und es war einfach, in einem sich schnell entwickelnden Land Arbeit zu finden, wenn auch nur f\u00fcr Geringqualifizierte oder Ungelernte, in der Landwirtschaft oder in Industrieunternehmen. Dar\u00fcber hinaus erm\u00f6glichte die Arbeit im Infrastrukturbau manchmal einen saisonalen Rhythmus, der eine regelm\u00e4\u00dfige R\u00fcckkehr in die Heimat erlaubte, falls gew\u00fcnscht.<\/p>\n\t\t\t\t\t<ul id=\"menu-le-mete\"><li id=\"menu-item-403\"><a href=\"https:\/\/www.museoemigrazioneitaliana.org\/de\/reiseziele\/\">Reiseziele<\/a>\n<ul>\n\t<li id=\"menu-item-409\"><a href=\"https:\/\/www.museoemigrazioneitaliana.org\/de\/reiseziele\/larrivo\/\">Ankunft<\/a><\/li>\n\t<li id=\"menu-item-1529\"><a href=\"https:\/\/www.museoemigrazioneitaliana.org\/de\/reiseziele\/nordamerika\/\">Nord-Amerika<\/a><\/li>\n\t<li id=\"menu-item-1530\"><a href=\"https:\/\/www.museoemigrazioneitaliana.org\/de\/reiseziele\/sudamerika\/\">S\u00fcdamerika<\/a><\/li>\n\t<li id=\"menu-item-1532\"><a href=\"https:\/\/www.museoemigrazioneitaliana.org\/de\/reiseziele\/europa\/\">Europa<\/a><\/li>\n\t<li id=\"menu-item-1531\"><a href=\"https:\/\/www.museoemigrazioneitaliana.org\/de\/reiseziele\/australien\/\">Australien<\/a><\/li>\n\t<li id=\"menu-item-1528\"><a href=\"https:\/\/www.museoemigrazioneitaliana.org\/de\/reiseziele\/afrika\/\">Afrika<\/a><\/li>\n<\/ul>\n<\/li>\n<\/ul>","protected":false},"excerpt":{"rendered":"<p>Si va&#8230; dove? Anche se verso la met\u00e0 dell&#8217;Ottocento esistevano nelle Americhe piccoli nuclei di emigrati italiani spesso andati all&#8217;estero dopo il fallimento dei vari moti risorgimentali, un flusso migratorio di una certa consistenza si diresse, con inizio negli ultimi decenni dell&#8217;Ottocento, dapprima verso i paesi europei e coinvolse per prime le regioni settentrionali &#8211; [&hellip;]<\/p>\n","protected":false},"author":1,"featured_media":0,"parent":0,"menu_order":0,"comment_status":"closed","ping_status":"open","template":"","meta":{"_acf_changed":false,"site-sidebar-layout":"default","site-content-layout":"default","ast-site-content-layout":"default","site-content-style":"default","site-sidebar-style":"default","ast-global-header-display":"","ast-banner-title-visibility":"","ast-main-header-display":"","ast-hfb-above-header-display":"","ast-hfb-below-header-display":"","ast-hfb-mobile-header-display":"","site-post-title":"","ast-breadcrumbs-content":"","ast-featured-img":"","footer-sml-layout":"","ast-disable-related-posts":"","theme-transparent-header-meta":"default","adv-header-id-meta":"","stick-header-meta":"","header-above-stick-meta":"","header-main-stick-meta":"","header-below-stick-meta":"","astra-migrate-meta-layouts":"default","ast-page-background-enabled":"default","ast-page-background-meta":{"desktop":{"background-color":"","background-image":"","background-repeat":"repeat","background-position":"center center","background-size":"auto","background-attachment":"scroll","background-type":"","background-media":"","overlay-type":"","overlay-color":"","overlay-opacity":"","overlay-gradient":""},"tablet":{"background-color":"","background-image":"","background-repeat":"repeat","background-position":"center center","background-size":"auto","background-attachment":"scroll","background-type":"","background-media":"","overlay-type":"","overlay-color":"","overlay-opacity":"","overlay-gradient":""},"mobile":{"background-color":"","background-image":"","background-repeat":"repeat","background-position":"center center","background-size":"auto","background-attachment":"scroll","background-type":"","background-media":"","overlay-type":"","overlay-color":"","overlay-opacity":"","overlay-gradient":""}},"ast-content-background-meta":{"desktop":{"background-color":"var(--ast-global-color-5)","background-image":"","background-repeat":"repeat","background-position":"center center","background-size":"auto","background-attachment":"scroll","background-type":"","background-media":"","overlay-type":"","overlay-color":"","overlay-opacity":"","overlay-gradient":""},"tablet":{"background-color":"var(--ast-global-color-5)","background-image":"","background-repeat":"repeat","background-position":"center center","background-size":"auto","background-attachment":"scroll","background-type":"","background-media":"","overlay-type":"","overlay-color":"","overlay-opacity":"","overlay-gradient":""},"mobile":{"background-color":"var(--ast-global-color-5)","background-image":"","background-repeat":"repeat","background-position":"center center","background-size":"auto","background-attachment":"scroll","background-type":"","background-media":"","overlay-type":"","overlay-color":"","overlay-opacity":"","overlay-gradient":""}},"footnotes":""},"class_list":["post-63","page","type-page","status-publish","hentry"],"acf":[],"_links":{"self":[{"href":"https:\/\/www.museoemigrazioneitaliana.org\/de\/wp-json\/wp\/v2\/pages\/63","targetHints":{"allow":["GET"]}}],"collection":[{"href":"https:\/\/www.museoemigrazioneitaliana.org\/de\/wp-json\/wp\/v2\/pages"}],"about":[{"href":"https:\/\/www.museoemigrazioneitaliana.org\/de\/wp-json\/wp\/v2\/types\/page"}],"author":[{"embeddable":true,"href":"https:\/\/www.museoemigrazioneitaliana.org\/de\/wp-json\/wp\/v2\/users\/1"}],"replies":[{"embeddable":true,"href":"https:\/\/www.museoemigrazioneitaliana.org\/de\/wp-json\/wp\/v2\/comments?post=63"}],"version-history":[{"count":2,"href":"https:\/\/www.museoemigrazioneitaliana.org\/de\/wp-json\/wp\/v2\/pages\/63\/revisions"}],"predecessor-version":[{"id":1533,"href":"https:\/\/www.museoemigrazioneitaliana.org\/de\/wp-json\/wp\/v2\/pages\/63\/revisions\/1533"}],"wp:attachment":[{"href":"https:\/\/www.museoemigrazioneitaliana.org\/de\/wp-json\/wp\/v2\/media?parent=63"}],"curies":[{"name":"wp","href":"https:\/\/api.w.org\/{rel}","templated":true}]}}