{"id":53,"date":"2020-09-17T15:36:53","date_gmt":"2020-09-17T13:36:53","guid":{"rendered":"https:\/\/mei.ms-dev.it\/?page_id=53"},"modified":"2023-06-09T21:43:36","modified_gmt":"2023-06-09T19:43:36","slug":"die-reise","status":"publish","type":"page","link":"https:\/\/www.museoemigrazioneitaliana.org\/de\/il-viaggio\/","title":{"rendered":"Die Reise"},"content":{"rendered":"Die Reise - d. h. die Zeit, die man braucht, um das Zielland zu erreichen - ist das symbolische Element des gesamten Migrationsprozesses, der Losl\u00f6sung von einem \"Vorher\" - bekannt und geliebt, wenn auch unbefriedigend -, um ein \"Nachher\" zu erreichen - sicherlich attraktiv, aber fast v\u00f6llig unbekannt. Es ist eine Zeit, die genauso schwer zu durchleben ist wie die Wendepunkte im Leben eines jeden Menschen.<br>\nWir machten uns zu Fu\u00df auf den Weg, mit dem Zug, mit langsamen Dampfern oder schnellen Ozeandampfern und schlie\u00dflich mit dem Flugzeug.<br>\nEr kommt haupts\u00e4chlich aus einigen wenigen italienischen H\u00e4fen. Seit der Zeit vor der Wiedervereinigung ist es Genua, das den meisten Migrationsverkehr abwickelt. Sp\u00e4ter, mit der S\u00fcdausrichtung des Verkehrs und der Bevorzugung Nordamerikas, war Neapel der wichtigste Abfahrtshafen. Mit gro\u00dfem Abstand folgten Palermo und nach dem Ende des Ersten Weltkriegs Triest. Bei den Abfahrten aus dem Ausland lag der franz\u00f6sische Hafen Le Havre an erster Stelle.\n\t<iframe loading=\"lazy\" title=\"THE JOURNEY - Italienische Auswanderung\" width=\"500\" height=\"281\" src=\"https:\/\/www.youtube.com\/embed\/xbSt_cZw4d4?feature=oembed\" frameborder=\"0\" allow=\"accelerometer; autoplay; clipboard-write; encrypted-media; gyroscope; picture-in-picture\" allowfullscreen=\"\"><\/iframe>\n\t\t\t\t\t<ul id=\"menu-il-viaggio\"><li id=\"menu-item-398\"><a href=\"https:\/\/www.museoemigrazioneitaliana.org\/de\/die-reise\/\">Die Reise<\/a>\n<ul>\n\t<li id=\"menu-item-399\"><a href=\"https:\/\/www.museoemigrazioneitaliana.org\/de\/die-reise\/in-erwartung-der-abreise\/\">Warten auf die Abfahrt<\/a><\/li>\n\t<li id=\"menu-item-401\"><a href=\"https:\/\/www.museoemigrazioneitaliana.org\/de\/die-reise\/mit-dem-zug\/\">Mit dem Zug<\/a><\/li>\n\t<li id=\"menu-item-400\"><a href=\"https:\/\/www.museoemigrazioneitaliana.org\/de\/die-reise\/per-schiff\/\">Per Schiff<\/a><\/li>\n\t<li id=\"menu-item-402\"><a href=\"https:\/\/www.museoemigrazioneitaliana.org\/de\/die-reise\/pflegeeinrichtungen\/\">Pflegeeinrichtungen<\/a><\/li>\n<\/ul>\n<\/li>\n<\/ul>","protected":false},"excerpt":{"rendered":"<p>Il viaggio &#8211; il tempo cio\u00e8 che si impiega per raggiungere il paese di destinazione &#8211; \u00e8 l&#8217;elemento simbolo di tutto il processo migratorio, del distacco da un &#8220;prima&#8221; &#8211; conosciuto e amato, bench\u00e9 insoddisfacente &#8211; per raggiungere un &#8220;dopo&#8221; &#8211; sicuramente attraente ma quasi del tutto ignoto. E&#8217; un tempo difficile da vivere come [&hellip;]<\/p>\n","protected":false},"author":1,"featured_media":0,"parent":0,"menu_order":0,"comment_status":"closed","ping_status":"open","template":"","meta":{"_acf_changed":false,"site-sidebar-layout":"default","site-content-layout":"default","ast-site-content-layout":"default","site-content-style":"default","site-sidebar-style":"default","ast-global-header-display":"","ast-banner-title-visibility":"","ast-main-header-display":"","ast-hfb-above-header-display":"","ast-hfb-below-header-display":"","ast-hfb-mobile-header-display":"","site-post-title":"","ast-breadcrumbs-content":"","ast-featured-img":"","footer-sml-layout":"","ast-disable-related-posts":"","theme-transparent-header-meta":"default","adv-header-id-meta":"","stick-header-meta":"","header-above-stick-meta":"","header-main-stick-meta":"","header-below-stick-meta":"","astra-migrate-meta-layouts":"default","ast-page-background-enabled":"default","ast-page-background-meta":{"desktop":{"background-color":"","background-image":"","background-repeat":"repeat","background-position":"center center","background-size":"auto","background-attachment":"scroll","background-type":"","background-media":"","overlay-type":"","overlay-color":"","overlay-opacity":"","overlay-gradient":""},"tablet":{"background-color":"","background-image":"","background-repeat":"repeat","background-position":"center center","background-size":"auto","background-attachment":"scroll","background-type":"","background-media":"","overlay-type":"","overlay-color":"","overlay-opacity":"","overlay-gradient":""},"mobile":{"background-color":"","background-image":"","background-repeat":"repeat","background-position":"center center","background-size":"auto","background-attachment":"scroll","background-type":"","background-media":"","overlay-type":"","overlay-color":"","overlay-opacity":"","overlay-gradient":""}},"ast-content-background-meta":{"desktop":{"background-color":"var(--ast-global-color-5)","background-image":"","background-repeat":"repeat","background-position":"center center","background-size":"auto","background-attachment":"scroll","background-type":"","background-media":"","overlay-type":"","overlay-color":"","overlay-opacity":"","overlay-gradient":""},"tablet":{"background-color":"var(--ast-global-color-5)","background-image":"","background-repeat":"repeat","background-position":"center center","background-size":"auto","background-attachment":"scroll","background-type":"","background-media":"","overlay-type":"","overlay-color":"","overlay-opacity":"","overlay-gradient":""},"mobile":{"background-color":"var(--ast-global-color-5)","background-image":"","background-repeat":"repeat","background-position":"center center","background-size":"auto","background-attachment":"scroll","background-type":"","background-media":"","overlay-type":"","overlay-color":"","overlay-opacity":"","overlay-gradient":""}},"footnotes":""},"class_list":["post-53","page","type-page","status-publish","hentry"],"acf":[],"_links":{"self":[{"href":"https:\/\/www.museoemigrazioneitaliana.org\/de\/wp-json\/wp\/v2\/pages\/53","targetHints":{"allow":["GET"]}}],"collection":[{"href":"https:\/\/www.museoemigrazioneitaliana.org\/de\/wp-json\/wp\/v2\/pages"}],"about":[{"href":"https:\/\/www.museoemigrazioneitaliana.org\/de\/wp-json\/wp\/v2\/types\/page"}],"author":[{"embeddable":true,"href":"https:\/\/www.museoemigrazioneitaliana.org\/de\/wp-json\/wp\/v2\/users\/1"}],"replies":[{"embeddable":true,"href":"https:\/\/www.museoemigrazioneitaliana.org\/de\/wp-json\/wp\/v2\/comments?post=53"}],"version-history":[{"count":2,"href":"https:\/\/www.museoemigrazioneitaliana.org\/de\/wp-json\/wp\/v2\/pages\/53\/revisions"}],"predecessor-version":[{"id":3463,"href":"https:\/\/www.museoemigrazioneitaliana.org\/de\/wp-json\/wp\/v2\/pages\/53\/revisions\/3463"}],"wp:attachment":[{"href":"https:\/\/www.museoemigrazioneitaliana.org\/de\/wp-json\/wp\/v2\/media?parent=53"}],"curies":[{"name":"wp","href":"https:\/\/api.w.org\/{rel}","templated":true}]}}