{"id":488,"date":"2020-12-17T15:34:44","date_gmt":"2020-12-17T14:34:44","guid":{"rendered":"https:\/\/mei.ms-dev.it\/?page_id=488"},"modified":"2022-01-26T10:21:16","modified_gmt":"2022-01-26T09:21:16","slug":"villa-regina-eine-italienische-kolonie-in-patagonien","status":"publish","type":"page","link":"https:\/\/www.museoemigrazioneitaliana.org\/de\/approfondimenti\/villa-regina-una-colonia-italiana-in-patagonia\/","title":{"rendered":"Villa Regina. Eine italienische Kolonie in Patagonien"},"content":{"rendered":"<p>Villa Regina ist eine Stadt in der argentinischen Provinz Rio Negro, im Norden Patagoniens. Sie hat heute rund 30.000 Einwohner und ist ein wichtiges landwirtschaftliches Zentrum, das vor allem f\u00fcr die Produktion von Obst f\u00fcr den heimischen Markt, aber auch f\u00fcr den Export bekannt ist.<\/p>\n<p>Ende des 19. Jahrhunderts, im Jahr 1895, w\u00e4hrend des Baus der Eisenbahnlinie im S\u00fcdwesten von Buenos Aires, gew\u00e4hrte der argentinische Pr\u00e4sident Julio Argentino Roca seinem Sekret\u00e4r Manuel Marcos Zorilla 15.000 Hektar flaches Land unter der Bedingung, dass er die Durchfahrt der Bahnlinie gestatte.<\/p>\n<p>Mit der Absicht, diese Gebiete zu bew\u00e4ssern, beauftragte die Regierung 1898 den Ingenieur C\u00e9sar Cipolletti mit der Ausarbeitung eines Projekts zur Nutzung des Wassers der Fl\u00fcsse Neuqu\u00e9n, Limay, Negro und Colorado; 1907 begannen die Bauarbeiten f\u00fcr die Kan\u00e4le. Der Ingenieur stellte seine Arbeit auch in Rom vor, um italienische Investoren zu gewinnen.<\/p>\n<p>Einige Jahre nach seinem Tod, im Jahr 1923, kaufte sein Mitarbeiter, der Ingenieur Felipe Bonoli, im Namen der Compa\u00f1ia Italo-Argentina di Colonizaci\u00f2n, C.I.A.C., einer gemischten \u00f6ffentlich-privaten Gesellschaft, 5.000 Hektar Land aus dem Besitz von Manuel Zorilla. Dies war der Beginn der Gr\u00fcndung der Kolonie und der Stadt.<\/p>\n<p>Das Anfangskapital in H\u00f6he von 1,4 Millionen Dollar wurde f\u00fcr den Erwerb von Grundst\u00fccken verwendet, die in Losen an Siedler verpachtet wurden, die zun\u00e4chst direkt aus Italien, insbesondere aus n\u00f6rdlichen Regionen wie Friaul-Julisch-Venetien, kamen und dann, als die Auswanderung zu Ende ging, unter den bereits in der Republik lebenden Landsleuten sowie unter polnischen und tschechoslowakischen Einwanderern ermittelt wurden.<\/p>\n<p>Mehr als 400 Bauernfamilien wurden in Italien angeworben und schifften sich nach Argentinien ein, weil sie in k\u00fcrzester Zeit in den Besitz gro\u00dfer L\u00e4ndereien kommen sollten, die das Unternehmen ihnen zuweisen w\u00fcrde.<\/p>\n<p>Am 7. November 1924 wurde die Kolonie offiziell unter dem Namen Regina de Alvear gegr\u00fcndet, zu Ehren der Frau des argentinischen Pr\u00e4sidenten.<\/p>\n<p>Die Siedler erhielten das Land gegen eine Anzahlung von 10% des Gesamtwertes des Landes, das, wie im Vertrag angegeben, gepfl\u00fcgt und eingez\u00e4unt geliefert wurde und ein Haus mit Veranda, ein Bad und einen Brunnen enthielt, sowie die Aufnahme einer Hypothek, die j\u00e4hrlich f\u00fcr die endg\u00fcltige Abl\u00f6sung des Eigentums zu zahlen war.<\/p>\n<p>Die Kolonisationsgesellschaft hatte einen Entwicklungsplan aufgestellt, der den Anbau von Luzerne, Weinbergen und Obstb\u00e4umen vorsah, um das trockene und unfruchtbare Land in eine gr\u00fcne Oase zu verwandeln, mit langen Pappelreihen, die Kan\u00e4le und Stra\u00dfen s\u00e4umten, mit kleinen H\u00e4usern und kleinen Industrien f\u00fcr die Verarbeitung von landwirtschaftlichen Produkten und die Weinherstellung.<\/p>\n<p>Die Initiative stellt den ersten und beispiellosen Kolonisierungsversuch des Faschismus dar, der die Gr\u00fcndung einer \"neuen Stadt\" vorsah. Eine Erfahrung, die einige Jahre sp\u00e4ter in Italien wichtige Folgen haben sollte, wie die Gr\u00fcndung von Mussolinia di Sardegna im Jahr 1928 (heute Arborea in der Provinz Oristano), Littoria (heute Latina) und Sabaudia im Jahr 1933, Pontinia im Jahr 1935 (Agro Pontino) und andere, als Teil eines allgemeineren Projekts zur R\u00fcckgewinnung von Sumpfgebieten und zur Zuweisung dieser L\u00e4ndereien an Veteranen des Ersten Weltkriegs, durch die Verwaltungsstruktur der Opera Nazionale Combattenti. Aus st\u00e4dtebaulicher Sicht wurden in Villa Regina Modelle der sozialen Organisation und der l\u00e4ndlichen Besiedlung erprobt, mit der Aufteilung in Bauernh\u00f6fe und der Schaffung von st\u00e4dtischen Aggregationszentren, die als politische und religi\u00f6se Bezugspunkte fungierten und die sp\u00e4ter in den neuen italienischen St\u00e4dten Anwendung fanden.<\/p>\n<p>Im Jahr 1927 hatte Villa Regina 1.000 Einwohner, und dank eines Darlehens der Banca di Roma in H\u00f6he von 5 Millionen Lire und weiterer Mittel der Banca Commerciale Italiana konnten ein Krankenhaus, eine Kirche, eine Schule, eine Bibliothek und ein Sportverein gebaut werden.<\/p>\n<p>Auf einen vielversprechenden Beginn der Entwicklung der Kolonie folgte eine Phase gro\u00dfer Schwierigkeiten f\u00fcr die Siedler, die davon getr\u00e4umt hatten, in Patagonien \"Amerika zu machen\": Lokale Ereignisse wie die Ausbreitung von Malaria unter den Bewohnern, die Schwierigkeit, brackige oder salzhaltige B\u00f6den zu kultivieren, M\u00e4ngel bei der Schaffung eines effizienten Vermarktungsnetzes f\u00fcr landwirtschaftliche Erzeugnisse und nicht zuletzt die Weltwirtschaftskrise von 1929 f\u00fchrten das Unternehmen fast in den Bankrott und die Bauern in den Hungertod. Viele der verlockenden Versprechungen von Compagni, die die Siedler zur Abwanderung bewogen hatten, hatten sich als unwahr herausgestellt.<\/p>\n<p>Die C.I.A.C. musste die Farmen mit Hypotheken belasten und auch die abgetretenen Forderungen verpf\u00e4nden. Dies ging mit einem strengen Sanierungsplan der Banken einher, der bis zur Zwangsr\u00e4umung der zahlungsunf\u00e4higen Kolonisten und zur Versteigerung der H\u00f6fe ging. Die exorbitanten Zinsen f\u00fcr die aufgenommenen Hypotheken und die Wirtschaftskrise f\u00fchrten dazu, dass viele der Familien, die erst wenige Jahre zuvor nach Villa Regina gekommen waren, auf die Stra\u00dfe gesetzt wurden.<\/p>\n<p>Viele Einwanderer fanden sich daher, nachdem sie ihre H\u00e4user und Grundst\u00fccke in Italien verkauft hatten, um sich auf das Abenteuer Argentinien einzulassen, landlos und mittellos in einem fremden Land wieder.<\/p>\n<p>Die Proteste der immer verzweifelter werdenden Kolonisten wurden jedoch nicht einmal durch den 1934 an Mussolini gerichteten Appell erh\u00f6rt, und es gelang auch nicht, den Appetit der Compagnia zu z\u00fcgeln, die etwa zwei Jahrzehnte lang mit der Eintreibung von Schulden und alternativ mit dem Verkauf der L\u00e4ndereien fortfuhr.<\/p>\n<p>Die Proteste der ver\u00e4rgerten Kolonisten drohten sich bald zu regelrechten Unruhen auszuweiten: Um ihre Rechte zu verteidigen, ergriffen die Gewerkschaften und die argentinische Kirche Partei.<\/p>\n<p>Zwischen den 1930er und 1940er Jahren vertrat der \u00f6rtliche Salesianerbischof Nicolas Esandi die Forderungen der Kolonisten und bem\u00fchte sich um m\u00fchsame Vermittlungen mit der Gesellschaft und der Regierung, auch um die Proteste, die in blutige Aufst\u00e4nde h\u00e4tten umschlagen k\u00f6nnen, zu mildern. Das Tauziehen zwischen den Kolonisten und den Vertretern der Kompanie erreichte oft ein \u00e4u\u00dferst angespanntes Niveau.<\/p>\n<p>Bischof Esandi leistete wertvolle Arbeit, indem er die gerechten Anspr\u00fcche der enterbten Bauern verteidigte und ihnen Vertrauen einfl\u00f6\u00dfte; er z\u00f6gerte nicht, direkt beim Pr\u00e4sidenten der Republik zu intervenieren, um auf eine L\u00f6sung des Problems zu dr\u00e4ngen. Eine Initiative, die kunstvoll verf\u00e4lscht wurde, indem der Pr\u00e4lat beschuldigt wurde, die Kolonisten zu einer Senkung des Preises f\u00fcr die Bauernh\u00f6fe angestiftet zu haben, um dem Vatikan zu erm\u00f6glichen, die Rechte der Compagnia an den versteigerten Grundst\u00fccken zum Schleuderpreis zu erwerben.<\/p>\n<p>Erst nach dem Fall des Faschismus und dem Ende des Zweiten Weltkriegs, im Jahr 1946, wurde nach einem Treffen zwischen dem Bischof, einem Vertreter der Siedler und dem Pr\u00e4sidenten Juan Domingo Peron ein Ausweg aus dem langj\u00e4hrigen und schwierigen Streit gefunden: eine Verl\u00e4ngerung der Frist f\u00fcr die R\u00fcckzahlung der Landschulden und die Gew\u00e4hrung von subventionierten Darlehen f\u00fcr den Bau von neuen Wohnungen.<\/p>\n<p>Der Alptraum der Vertreibung und des damit verbundenen Verlusts von Land und Haus, der das Ergebnis von Verzicht und Opfern war, fand im Dezember 1950 nach mehr als zwanzig Jahren Kampf mit der \u00dcbergabe der Eigentumstitel an die Siedler ein Ende. Viele der landwirtschaftlichen Betriebe arbeiten noch heute weiter und haben sich in moderne Agrar- und Lebensmittelunternehmen verwandelt, deren Produkte den Namen Villa Regina in die ganze Welt tragen.<\/p>\n<p>So endete die Seite der Kolonisierungserfahrung unserer Auswanderer in Patagonien, eine schmerzhafte, aber sehr sch\u00f6ne Seite, denn sie wurde im Schwei\u00dfe ihres Angesichts und inspiriert von dem Willen, ein besseres Leben aufzubauen, geschrieben.<\/p>\n<p>Pietro Luigi Biagioni, Marinella Mazzanti<\/p>\n\t\t\t\t\t<ul id=\"menu-approfondimenti\"><li id=\"menu-item-501\"><a href=\"https:\/\/www.museoemigrazioneitaliana.org\/de\/einblicke\/\">Einblicke<\/a>\n<ul>\n\t<li id=\"menu-item-499\"><a href=\"https:\/\/www.museoemigrazioneitaliana.org\/de\/einblicke\/die-ersten-transozeanischen-fahrten\/\">Die ersten transozeanischen Fahrten<\/a><\/li>\n\t<li id=\"menu-item-498\"><a href=\"https:\/\/www.museoemigrazioneitaliana.org\/de\/einblicke\/merica-und-miss-liberty\/\">Merica\" ist Miss Liberty<\/a><\/li>\n\t<li id=\"menu-item-497\"><a href=\"https:\/\/www.museoemigrazioneitaliana.org\/de\/einblicke\/tontitown\/\">Tontitown<\/a><\/li>\n\t<li id=\"menu-item-496\"><a href=\"https:\/\/www.museoemigrazioneitaliana.org\/de\/einblicke\/schutzmasnahmen-und-autonomie\/\">Schutz und Autonomie<\/a><\/li>\n\t<li id=\"menu-item-495\"><a href=\"https:\/\/www.museoemigrazioneitaliana.org\/de\/einblicke\/reisen-mit-buchstaben\/\">Mit Briefen auf Reisen<\/a><\/li>\n\t<li id=\"menu-item-494\"><a href=\"https:\/\/www.museoemigrazioneitaliana.org\/de\/einblicke\/lemigration-zwischen-kunst-und-literatur-auf-theceano-von-edmondo-de-amicis-illustriert-von-arnaldo-ferraguti\/\">Emigration zwischen Kunst und Literatur. Auf dem Ozean von Edmondo De Amicis illustriert von Arnaldo Ferraguti<\/a><\/li>\n\t<li id=\"menu-item-493\"><a href=\"https:\/\/www.museoemigrazioneitaliana.org\/de\/einblicke\/villa-regina-eine-italienische-kolonie-in-patagonien\/\">Villa Regina. Eine italienische Kolonie in Patagonien<\/a><\/li>\n\t<li id=\"menu-item-492\"><a href=\"https:\/\/www.museoemigrazioneitaliana.org\/de\/einblicke\/die-zerrissene-struktur\/\">Die zerrissene Struktur<\/a><\/li>\n<\/ul>\n<\/li>\n<\/ul>","protected":false},"excerpt":{"rendered":"<p>Villa Regina \u00e8 una citt\u00e0 situata nella Provincia di Rio Negro in Argentina, nel nord della Patagonia. Oggi conta circa 30.000 abitanti ed \u00e8 un importante centro agricolo noto soprattutto per la produzione di frutta destinata ai mercati interni, ma anche all&#8217;esportazione. Alla fine dell&#8217;Ottocento, nel 1895, durante la costruzione della ferrovia a sud ovest [&hellip;]<\/p>\n","protected":false},"author":1,"featured_media":0,"parent":129,"menu_order":0,"comment_status":"closed","ping_status":"open","template":"","meta":{"_acf_changed":false,"site-sidebar-layout":"default","site-content-layout":"default","ast-site-content-layout":"default","site-content-style":"default","site-sidebar-style":"default","ast-global-header-display":"","ast-banner-title-visibility":"","ast-main-header-display":"","ast-hfb-above-header-display":"","ast-hfb-below-header-display":"","ast-hfb-mobile-header-display":"","site-post-title":"","ast-breadcrumbs-content":"","ast-featured-img":"","footer-sml-layout":"","ast-disable-related-posts":"","theme-transparent-header-meta":"default","adv-header-id-meta":"","stick-header-meta":"","header-above-stick-meta":"","header-main-stick-meta":"","header-below-stick-meta":"","astra-migrate-meta-layouts":"default","ast-page-background-enabled":"default","ast-page-background-meta":{"desktop":{"background-color":"","background-image":"","background-repeat":"repeat","background-position":"center center","background-size":"auto","background-attachment":"scroll","background-type":"","background-media":"","overlay-type":"","overlay-color":"","overlay-opacity":"","overlay-gradient":""},"tablet":{"background-color":"","background-image":"","background-repeat":"repeat","background-position":"center center","background-size":"auto","background-attachment":"scroll","background-type":"","background-media":"","overlay-type":"","overlay-color":"","overlay-opacity":"","overlay-gradient":""},"mobile":{"background-color":"","background-image":"","background-repeat":"repeat","background-position":"center center","background-size":"auto","background-attachment":"scroll","background-type":"","background-media":"","overlay-type":"","overlay-color":"","overlay-opacity":"","overlay-gradient":""}},"ast-content-background-meta":{"desktop":{"background-color":"var(--ast-global-color-5)","background-image":"","background-repeat":"repeat","background-position":"center center","background-size":"auto","background-attachment":"scroll","background-type":"","background-media":"","overlay-type":"","overlay-color":"","overlay-opacity":"","overlay-gradient":""},"tablet":{"background-color":"var(--ast-global-color-5)","background-image":"","background-repeat":"repeat","background-position":"center center","background-size":"auto","background-attachment":"scroll","background-type":"","background-media":"","overlay-type":"","overlay-color":"","overlay-opacity":"","overlay-gradient":""},"mobile":{"background-color":"var(--ast-global-color-5)","background-image":"","background-repeat":"repeat","background-position":"center center","background-size":"auto","background-attachment":"scroll","background-type":"","background-media":"","overlay-type":"","overlay-color":"","overlay-opacity":"","overlay-gradient":""}},"footnotes":""},"class_list":["post-488","page","type-page","status-publish","hentry"],"acf":[],"_links":{"self":[{"href":"https:\/\/www.museoemigrazioneitaliana.org\/de\/wp-json\/wp\/v2\/pages\/488","targetHints":{"allow":["GET"]}}],"collection":[{"href":"https:\/\/www.museoemigrazioneitaliana.org\/de\/wp-json\/wp\/v2\/pages"}],"about":[{"href":"https:\/\/www.museoemigrazioneitaliana.org\/de\/wp-json\/wp\/v2\/types\/page"}],"author":[{"embeddable":true,"href":"https:\/\/www.museoemigrazioneitaliana.org\/de\/wp-json\/wp\/v2\/users\/1"}],"replies":[{"embeddable":true,"href":"https:\/\/www.museoemigrazioneitaliana.org\/de\/wp-json\/wp\/v2\/comments?post=488"}],"version-history":[{"count":2,"href":"https:\/\/www.museoemigrazioneitaliana.org\/de\/wp-json\/wp\/v2\/pages\/488\/revisions"}],"predecessor-version":[{"id":1503,"href":"https:\/\/www.museoemigrazioneitaliana.org\/de\/wp-json\/wp\/v2\/pages\/488\/revisions\/1503"}],"up":[{"embeddable":true,"href":"https:\/\/www.museoemigrazioneitaliana.org\/de\/wp-json\/wp\/v2\/pages\/129"}],"wp:attachment":[{"href":"https:\/\/www.museoemigrazioneitaliana.org\/de\/wp-json\/wp\/v2\/media?parent=488"}],"curies":[{"name":"wp","href":"https:\/\/api.w.org\/{rel}","templated":true}]}}