{"id":2,"date":"2019-12-04T10:38:55","date_gmt":"2019-12-04T10:38:55","guid":{"rendered":"https:\/\/astrastart.devsrvr.net\/?page_id=2"},"modified":"2026-03-05T13:46:47","modified_gmt":"2026-03-05T12:46:47","slug":"beispielseite","status":"publish","type":"page","link":"https:\/\/www.museoemigrazioneitaliana.org\/de\/","title":{"rendered":"Hauptseite"},"content":{"rendered":"\"Die Geschichte sind wir\", wir alle:<br \/>\nGleichg\u00fcltige und Beteiligte, Protagonisten und Statisten,<br \/>\naber alle haben ihre eigene \"Geschichte\" zu erz\u00e4hlen.<br \/>\nZu lernen, \u00fcber die Vergangenheit und auch \u00fcber die Gegenwart nachzudenken,<br \/>\nhaben an ein virtuelles Museum gedacht:<br \/>\nHandlung des Lebens von gestern und im Entstehen\n\t\t<meta itemprop=\"url\" content=\"https:\/\/www.museoemigrazioneitaliana.org\/wp-content\/uploads\/2023\/01\/Foto_animata_opt.mp4\" \/><div style=\"width: 640px;\" class=\"wp-video\"><video muted class=\"wp-video-shortcode\" id=\"video-2-1\" width=\"640\" height=\"360\" loop autoplay preload=\"metadata\" controls=\"controls\"><source type=\"video\/mp4\" src=\"https:\/\/www.museoemigrazioneitaliana.org\/wp-content\/uploads\/2023\/01\/Foto_animata_opt.mp4?_=1\" \/><source type=\"video\/mp4\" src=\"https:\/\/www.museoemigrazioneitaliana.org\/wp-content\/uploads\/2023\/01\/Foto_animata_opt.mp4?_=1\" \/><a href=\"https:\/\/www.museoemigrazioneitaliana.org\/wp-content\/uploads\/2023\/01\/Foto_animata_opt.mp4\">https:\/\/www.museoemigrazioneitaliana.org\/wp-content\/uploads\/2023\/01\/Foto_animata_opt.mp4<\/a><\/video><\/div>\t\n\t<p>Gestern wie heute... heute wie gestern: auf dem Meer oder an Land, um dem Ruf eines Traums zu folgen<\/p>\n<figure itemscope itemtype=\"https:\/\/schema.org\/ImageObject\">\n\t\t\t\t<a href=\"https:\/\/www.fondazionepaolocresci.it\/\" target=\"_blank\" rel=\"noopener\" itemprop=\"url\">\n\t\t\t\t<img decoding=\"async\" src=\"https:\/\/www.museoemigrazioneitaliana.org\/wp-content\/uploads\/2025\/07\/copertina.jpg\" alt=\"Abdeckung\" height=\"513\" width=\"800\" title=\"Abdeckung\" onerror=\"this.style.display='none'\" loading=\"lazy\" \/>\n\t\t\t\t<\/a>\n\t<\/figure>\n\ud835\udfee \ud835\uddf9\ud835\ude02\ud835\uddf4\ud835\uddf9\ud835\uddf6\ud835\uddfc \ud835\udfee\ud835\udfec\ud835\udfee\ud835\udff1 - \ud835\udff4\ud835\udff1\u00b0 \ud835\uddee\ud835\uddfb\ud835\uddfb\ud835\uddf6\ud835\ude03\ud835\uddf2\ud835\uddff\ud835\ude00\ud835\uddee\ud835\uddff\ud835\uddf6\ud835\uddfc \ud835\uddf1\ud835\uddf2\ud835\uddf9\ud835\uddf9'\ud835\uddee\ud835\uddf3\ud835\uddf3\ud835\uddfc\ud835\uddfb\ud835\uddf1\ud835\uddee\ud835\uddfa\ud835\uddf2\ud835\uddfb\ud835\ude01\ud835\uddfc\n<p><a href=\"https:\/\/www.fondazionepaolocresci.it\/\" target=\"_blank\" rel=\"noopener\">ARANDORA STAR. Die vergessene Trag\u00f6die<\/a><\/p>\n<p>Produziert in Zusammenarbeit mit dem Fernsehsender <a href=\"https:\/\/www.noitv.it\/\" target=\"_blank\" rel=\"noopener\">NoiTv<\/a>,<\/p>\n<p>dank der Forschung von Maria Serena Balestracci,<\/p>\n<p>Regie: Paolo Bertola, Sprecher: Eros Pagni.<\/p>\n<p>&nbsp;<\/p>\n<figure itemscope itemtype=\"https:\/\/schema.org\/ImageObject\">\n\t\t\t\t<a href=\"https:\/\/www.fondazionepaolocresci.it\/video\/italia-addio-non-tornero\/\" target=\"_blank\" rel=\"noopener\" itemprop=\"url\">\n\t\t\t\t<img decoding=\"async\" src=\"https:\/\/www.museoemigrazioneitaliana.org\/wp-content\/uploads\/2023\/05\/7cresci-1.jpg\" alt=\"7cresci\" height=\"400\" width=\"750\" title=\"7cresci\" onerror=\"this.style.display='none'\" loading=\"lazy\" \/>\n\t\t\t\t<\/a>\n\t<\/figure>\n\t<p><a href=\"https:\/\/www.fondazionepaolocresci.it\/video\/italia-addio-non-tornero\/\" target=\"_blank\" rel=\"noopener\">ITALIEN AUF WIEDERSEHEN, ICH WERDE NICHT ZUR\u00dcCKKEHREN<\/a><\/p>\n<p>Herausgegeben von Barbara Pavarotti<\/p>\n<p>in Zusammenarbeit mit Marinella Mazzanti<\/p>\n<p>Musik von Massimo Priviero<\/p>\n<p>Erz\u00e4hler Pietro Luigi Biagioni<\/p>\n<p>&nbsp;<\/p>\n<figure itemscope itemtype=\"https:\/\/schema.org\/ImageObject\">\n\t\t\t\t<a href=\"https:\/\/studio.youtube.com\/playlist\/PLMu5z-QAYunnBAQ0WknOYqA3a9ge-PYom\/edit\" target=\"_blank\" rel=\"noopener\" itemprop=\"url\">\n\t\t\t\t<img decoding=\"async\" src=\"https:\/\/www.museoemigrazioneitaliana.org\/wp-content\/uploads\/2024\/03\/IMG-20240305-WA0006.jpg\" alt=\"IMG-20240305-WA0006\" height=\"1083\" width=\"827\" title=\"IMG-20240305-WA0006\" onerror=\"this.style.display='none'\" loading=\"lazy\" \/>\n\t\t\t\t<\/a>\n\t<\/figure>\n\t<p>&nbsp;<\/p>\n<p>In der kollektiven Vorstellung ist die Geschichte der italienischen Emigration oft mit den langen \u00dcberfahrten von Schiffen verbunden, auf denen M\u00e4nner und Frauen, deren Namen oft unbekannt sind, mit ihren B\u00fcndeln voller Hoffnung, Schmerz, M\u00fcdigkeit und Mut unterwegs waren.<\/p>\n<p>Ins Ausland zu gehen ist oft ein Wunsch, ein Bed\u00fcrfnis, neue Welten kennen zu lernen, es ist Ausdruck des Willens, den eigenen Horizont zu erweitern, egal wer diese Reise unternimmt.<\/p>\n<p>Video-Geschichten, <em><strong>Reisenotizen: Geschichten von Migrantenseelen,<\/strong><\/em>\u00a0 beleuchten einige der Geschichten von oft ber\u00fchmten Menschen, die das \"Meer\" des Unbekannten \u00fcberquert haben, um ihren Tr\u00e4umen, ihrem Ehrgeiz, aber auch aus der Not heraus zu folgen.<\/p>\n<p>Pers\u00f6nlichkeiten aus der Welt der Literatur, der Kunst, der Mode und der Musik, die bedeutende Erfahrungen im Ausland gemacht haben, die ihr Leben und die Geschichte der italienischen Kultur gepr\u00e4gt haben.<\/p>\n<p>Um sie kennen zu lernen und ihr Ged\u00e4chtnis nicht zu verlieren, \u00f6ffnet Luca Scarlini die \"Notizb\u00fccher\" vieler K\u00fcnstler, um uns an einen \"anderen Ort\" zu begleiten, an dem sich ihr Schicksal oft abspielte.<\/p>\n<p>Erste Tranche: <a href=\"httpshttps:\/\/www.youtube.com\/watch?v=Bj1jNmbAnWY&amp;t=62s\" target=\"_blank\" rel=\"noopener\">FAUSTA CIALENTE <\/a><\/p>\n<p>Zweite Tranche:\u00a0<a href=\"https:\/\/www.youtube.com\/watch?v=CWc3egBeFlk\" target=\"_blank\" rel=\"noopener\">LORENZO DA PONTE<\/a><\/p>\n<p>Dritte Tranche: <a href=\"https:\/\/www.youtube.com\/watch?v=kTdtAPXNDuA&amp;list=PLMu5z-QAYunnBAQ0WknOYqA3a9ge-PYom&amp;index=3\" target=\"_blank\" rel=\"noopener\">ITALIENISCHE MODE in den Vereinigten Staaten<\/a><\/p>\n<p>Vierte Tranche: <a href=\"https:\/\/www.youtube.com\/watch?v=UumUqng0OAM&amp;list=PLMu5z-QAYunnBAQ0WknOYqA3a9ge-PYom&amp;index=4\" target=\"_blank\" rel=\"noopener\">MARIO SOLDATI und Amerika<\/a><\/p>\n<p>F\u00fcnfte Tranche: <a href=\"https:\/\/www.youtube.com\/watch?v=MoEcxHwArrQ&amp;t=37s\" target=\"_blank\" rel=\"noopener\">INTELLECTUALS in Libyen und Propagandaaktivit\u00e4ten<\/a><\/p>\n<p>Sechste Tranche: <a href=\"https:\/\/www.youtube.com\/watch?v=SUp1cGzTwhc&amp;list=PLMu5z-QAYunnBAQ0WknOYqA3a9ge-PYom&amp;index=6\" target=\"_blank\" rel=\"noopener\">GIACOMO PUCCINI<\/a><\/p>\n<p>Siebte Tranche: <a href=\"https:\/\/www.youtube.com\/watch?v=Td-lpQGIJQo&amp;list=PLMu5z-QAYunnBAQ0WknOYqA3a9ge-PYom&amp;index=7\" target=\"_blank\" rel=\"noopener\">ENRICO PEA<\/a><\/p>\n<p>Achte Folge: <a href=\"https:\/\/www.youtube.com\/watch?v=F1sa4jDVZIc&amp;list=PLMu5z-QAYunnBAQ0WknOYqA3a9ge-PYom&amp;index=8\" target=\"_blank\" rel=\"noopener\">DINO BELL<\/a><\/p>\n<p>Neunte Tranche:<a href=\"https:\/\/www.youtube.com\/watch?v=zpI1G_nEudk&amp;list=PLMu5z-QAYunnBAQ0WknOYqA3a9ge-PYom&amp;index=9\" target=\"_blank\" rel=\"noopener\"> DIE CIOCIARE-MODELLE<\/a><\/p>\n<p>Zehnte Tranche: <a href=\"https:\/\/www.youtube.com\/watch?v=wFNCGHl4_S4\" target=\"_blank\" rel=\"noopener\">GABRIELE D'ANNUNZIO<\/a><\/p>\n<p>Undicesima puntata: <a href=\"https:\/\/www.youtube.com\/watch?v=pm85ePWQ5cY&amp;t=35s\" target=\"_blank\" rel=\"noopener\">L&#8217;opera AIDA al Cairo<\/a><\/p>\n<p>Dodicesima puntata: <a href=\"https:\/\/www.youtube.com\/watch?v=DQdKdJRK6yU&amp;list=PLMu5z-QAYunnBAQ0WknOYqA3a9ge-PYom&amp;index=12\" target=\"_blank\" rel=\"noopener\">EMANUEL CARNEVALI<\/a><\/p>\n<p>Tredicesima puntata: <a href=\"https:\/\/www.youtube.com\/watch?v=4L5KH72Ssf4&amp;list=PLMu5z-QAYunnBAQ0WknOYqA3a9ge-PYom&amp;index=13\" target=\"_blank\" rel=\"noopener\">GIOVANNI PAPINI<\/a><\/p>\n\t<p>Eine Reise, auf der man die Generationen erlebt, die von 1871 bis heute, gebeugt vom Elend und stark in der Hoffnung, ihre W\u00fcrde anderswo gesucht haben.<\/p>\n<p>Es ist \u00fcberraschend, pl\u00f6tzlich festzustellen, dass auf diesem Schiff, das im 20. Jahrhundert dieselben hungrigen und hoffnungsvollen Emigranten oder Migranten von heute beherbergt hat, auch der Besucher in See sticht:<\/p>\n<p>die \u00dcberfahrt, die Ankunft auf Ellis Island, dann das Leben in Little Italy und weitere Bilder und Dokumente von denen, die Gl\u00fcck hatten und denen, die es nicht hatten, bis zum heutigen Tag,<\/p>\n<p>mit der Begegnung mit anderen Gesichtern von M\u00e4nnern, Frauen, alten M\u00e4nnern und Kindern aller Rassen, Menschen, die Sie auch heute noch auffordern, nicht nur mit den Augen zu schauen.<\/p>\n<figure itemscope itemtype=\"https:\/\/schema.org\/ImageObject\">\n\t\t\t\t<a href=\"https:\/\/www.museoemigrazioneitaliana.org\/de\/im-kielwasser-einer-helix\/\" target=\"_self\" itemprop=\"url\">\n\t\t\t\t<img decoding=\"async\" src=\"https:\/\/www.museoemigrazioneitaliana.org\/wp-content\/uploads\/2020\/12\/lungo-la-scia-di.un-elica-768x423.png\" alt=\"entlang der Helix\" height=\"423\" width=\"768\" title=\"entlang der Helix\" onerror=\"this.style.display='none'\" loading=\"lazy\" \/>\n\t\t\t\t<\/a>\n\t<\/figure>\n\t<p>Eine Reise, auf der man die Generationen erlebt, die von 1871 bis heute, gebeugt vom Elend und stark in der Hoffnung, ihre W\u00fcrde anderswo gesucht haben.<\/p>\n<p>Es ist \u00fcberraschend, pl\u00f6tzlich festzustellen, dass auf diesem Schiff, das im 20. Jahrhundert dieselben hungrigen und hoffnungsvollen Emigranten oder Migranten von heute beherbergt hat, auch der Besucher in See sticht:<\/p>\n<p>die \u00dcberfahrt, die Ankunft auf Ellis Island, dann das Leben in Little Italy und weitere Bilder und Dokumente von denen, die Gl\u00fcck hatten und denen, die es nicht hatten, bis zum heutigen Tag,<\/p>\n<p>mit der Begegnung mit anderen Gesichtern von M\u00e4nnern, Frauen, alten M\u00e4nnern und Kindern aller Rassen, Menschen, die Sie auch heute noch auffordern, nicht nur mit den Augen zu schauen.<\/p>\n<h2>\n\t\t\tNeueste Nachrichten\t<\/h2>\n\t\t\t<a href=\"https:\/\/www.museoemigrazioneitaliana.org\/de\/nachrichten\/\" target=\"_self\">\n\t\t\t\t\t\t\tAlle Nachrichten\n\t\t\t\t\t<\/a>","protected":false},"excerpt":{"rendered":"<p>&#8220;La storia siamo noi&#8221;, tutti noi: indifferenti e partecipi, protagonisti e comparse, ma tutti con la propria &#8220;storia&#8221; da raccontare. Per conoscere, per riflettere sul passato ed anche sul presente, abbiano pensato ad un museo virtuale: trama di vite di ieri e in divenire Ieri come oggi&#8230; oggi come ieri: sull&#8217;oceano o sulla terra per [&hellip;]<\/p>\n","protected":false},"author":1,"featured_media":0,"parent":0,"menu_order":0,"comment_status":"closed","ping_status":"open","template":"","meta":{"_acf_changed":false,"site-sidebar-layout":"default","site-content-layout":"default","ast-site-content-layout":"default","site-content-style":"default","site-sidebar-style":"default","ast-global-header-display":"","ast-banner-title-visibility":"","ast-main-header-display":"","ast-hfb-above-header-display":"","ast-hfb-below-header-display":"","ast-hfb-mobile-header-display":"","site-post-title":"","ast-breadcrumbs-content":"","ast-featured-img":"","footer-sml-layout":"","ast-disable-related-posts":"","theme-transparent-header-meta":"default","adv-header-id-meta":"","stick-header-meta":"","header-above-stick-meta":"","header-main-stick-meta":"","header-below-stick-meta":"","astra-migrate-meta-layouts":"set","ast-page-background-enabled":"default","ast-page-background-meta":{"desktop":{"background-color":"","background-image":"","background-repeat":"repeat","background-position":"center center","background-size":"auto","background-attachment":"scroll","background-type":"","background-media":"","overlay-type":"","overlay-color":"","overlay-opacity":"","overlay-gradient":""},"tablet":{"background-color":"","background-image":"","background-repeat":"repeat","background-position":"center center","background-size":"auto","background-attachment":"scroll","background-type":"","background-media":"","overlay-type":"","overlay-color":"","overlay-opacity":"","overlay-gradient":""},"mobile":{"background-color":"","background-image":"","background-repeat":"repeat","background-position":"center center","background-size":"auto","background-attachment":"scroll","background-type":"","background-media":"","overlay-type":"","overlay-color":"","overlay-opacity":"","overlay-gradient":""}},"ast-content-background-meta":{"desktop":{"background-color":"var(--ast-global-color-5)","background-image":"","background-repeat":"repeat","background-position":"center center","background-size":"auto","background-attachment":"scroll","background-type":"","background-media":"","overlay-type":"","overlay-color":"","overlay-opacity":"","overlay-gradient":""},"tablet":{"background-color":"var(--ast-global-color-5)","background-image":"","background-repeat":"repeat","background-position":"center center","background-size":"auto","background-attachment":"scroll","background-type":"","background-media":"","overlay-type":"","overlay-color":"","overlay-opacity":"","overlay-gradient":""},"mobile":{"background-color":"var(--ast-global-color-5)","background-image":"","background-repeat":"repeat","background-position":"center center","background-size":"auto","background-attachment":"scroll","background-type":"","background-media":"","overlay-type":"","overlay-color":"","overlay-opacity":"","overlay-gradient":""}},"footnotes":""},"class_list":["post-2","page","type-page","status-publish","hentry"],"acf":[],"_links":{"self":[{"href":"https:\/\/www.museoemigrazioneitaliana.org\/de\/wp-json\/wp\/v2\/pages\/2","targetHints":{"allow":["GET"]}}],"collection":[{"href":"https:\/\/www.museoemigrazioneitaliana.org\/de\/wp-json\/wp\/v2\/pages"}],"about":[{"href":"https:\/\/www.museoemigrazioneitaliana.org\/de\/wp-json\/wp\/v2\/types\/page"}],"author":[{"embeddable":true,"href":"https:\/\/www.museoemigrazioneitaliana.org\/de\/wp-json\/wp\/v2\/users\/1"}],"replies":[{"embeddable":true,"href":"https:\/\/www.museoemigrazioneitaliana.org\/de\/wp-json\/wp\/v2\/comments?post=2"}],"version-history":[{"count":22,"href":"https:\/\/www.museoemigrazioneitaliana.org\/de\/wp-json\/wp\/v2\/pages\/2\/revisions"}],"predecessor-version":[{"id":3710,"href":"https:\/\/www.museoemigrazioneitaliana.org\/de\/wp-json\/wp\/v2\/pages\/2\/revisions\/3710"}],"wp:attachment":[{"href":"https:\/\/www.museoemigrazioneitaliana.org\/de\/wp-json\/wp\/v2\/media?parent=2"}],"curies":[{"name":"wp","href":"https:\/\/api.w.org\/{rel}","templated":true}]}}