{"id":111,"date":"2020-09-17T15:47:22","date_gmt":"2020-09-17T13:47:22","guid":{"rendered":"https:\/\/mei.ms-dev.it\/?page_id=111"},"modified":"2022-03-10T10:55:02","modified_gmt":"2022-03-10T09:55:02","slug":"geschichten-von-intoleranz","status":"publish","type":"page","link":"https:\/\/www.museoemigrazioneitaliana.org\/de\/la-vita-sociale\/storie-di-intolleranza\/","title":{"rendered":"Geschichten von Intoleranz"},"content":{"rendered":"<p>Die Geschichte der italienischen Auswanderung ist von tragischen Episoden der Fremdenfeindlichkeit gepr\u00e4gt, die sich sowohl in Europa als auch in Amerika, insbesondere im letzten Jahrzehnt des 19. Die Zahlen sprechen f\u00fcr sich.<\/p>\n<p>In den USA: 1891: 11 Lynchmorde in New Orleans; 1893: ein Lynchmord in Denver; 1895: 6 Morde in Walsenburg; 1896: 5 Lynchmorde in Tallulah. In Europa: 1893 mehrere Opfer bei Vorf\u00e4llen in Aigues Mortes, Frankreich; 1896 3 Morde in Z\u00fcrich. Dar\u00fcber hinaus gab es w\u00e4hrend der gesamten Zeit der gro\u00dfen Auswanderung eine Reihe von Vorf\u00e4llen, die stets blutig, aber nicht t\u00f6dlich endeten.<\/p>\n<p>Allen Episoden gemeinsam waren rassische und kulturelle Vorurteile, die Furcht vor wirtschaftlichen Auswirkungen des massiven Zustroms von Einwanderern und der Einfluss der allgemeinen politischen Lage in den vom Migrationsph\u00e4nomen betroffenen L\u00e4ndern.<\/p>\n<p>Wie stark die rassistisch motivierte Abneigung vor allem gegen Italiener war, die als Neger galten, die h\u00e4rteste Arbeit verrichteten und sehr sparsam lebten, geht aus zahllosen verunglimpfenden Karikaturen hervor, die in Zeitungen und Zeitschriften in vielen L\u00e4ndern ver\u00f6ffentlicht wurden.<\/p>\n\t\t\t\t\t<ul id=\"menu-la-vita-sociale\"><li id=\"menu-item-424\"><a href=\"https:\/\/www.museoemigrazioneitaliana.org\/de\/gesellschaftliches-leben\/\">Soziales Leben<\/a>\n<ul>\n\t<li id=\"menu-item-428\"><a href=\"https:\/\/www.museoemigrazioneitaliana.org\/de\/gesellschaftliches-leben\/klein-italien-und-la-dolce-casa\/\">Die \"kleinen Italiener\" und la dolce casa<\/a><\/li>\n\t<li id=\"menu-item-426\"><a href=\"https:\/\/www.museoemigrazioneitaliana.org\/de\/gesellschaftliches-leben\/stadtgrunder-und-kolonisatoren\/\">Stadtgr\u00fcnder und Kolonisatoren<\/a><\/li>\n\t<li id=\"menu-item-425\"><a href=\"https:\/\/www.museoemigrazioneitaliana.org\/de\/gesellschaftliches-leben\/teambildende-masnahmen\/\">Gruppierung<\/a><\/li>\n\t<li id=\"menu-item-427\"><a href=\"https:\/\/www.museoemigrazioneitaliana.org\/de\/gesellschaftliches-leben\/die-schule-zwischen-zwei-welten\/\">Die Schule zwischen zwei Welten<\/a><\/li>\n\t<li id=\"menu-item-429\"><a href=\"https:\/\/www.museoemigrazioneitaliana.org\/de\/gesellschaftliches-leben\/geschichten-von-intoleranz\/\">Geschichten von Intoleranz<\/a><\/li>\n\t<li id=\"menu-item-430\"><a href=\"https:\/\/www.museoemigrazioneitaliana.org\/de\/gesellschaftliches-leben\/auf-dem-weg-zu-einer-komplexen-identitat\/\">Auf dem Weg zu einer komplexen Identit\u00e4t<\/a><\/li>\n<\/ul>\n<\/li>\n<\/ul>","protected":false},"excerpt":{"rendered":"<p>La storia dell&#8217;emigrazione italiana \u00e8 costellata da tragici episodi di xenofobia, verificatisi sia in Europa che in America specialmente nell&#8217;ultimo decennio dell&#8217;Ottocento. Le cifre si commentano da sole. Negli Stati Uniti: nel 1891, 11 linciaggi a New Orleans; nel 1893, un linciaggio a Denver; nel 1895, 6 assassinii a Walsenburg; nel 1896, 5 linciaggi a [&hellip;]<\/p>\n","protected":false},"author":1,"featured_media":0,"parent":101,"menu_order":0,"comment_status":"closed","ping_status":"open","template":"","meta":{"_acf_changed":false,"site-sidebar-layout":"default","site-content-layout":"default","ast-site-content-layout":"default","site-content-style":"default","site-sidebar-style":"default","ast-global-header-display":"","ast-banner-title-visibility":"","ast-main-header-display":"","ast-hfb-above-header-display":"","ast-hfb-below-header-display":"","ast-hfb-mobile-header-display":"","site-post-title":"","ast-breadcrumbs-content":"","ast-featured-img":"","footer-sml-layout":"","ast-disable-related-posts":"","theme-transparent-header-meta":"default","adv-header-id-meta":"","stick-header-meta":"","header-above-stick-meta":"","header-main-stick-meta":"","header-below-stick-meta":"","astra-migrate-meta-layouts":"default","ast-page-background-enabled":"default","ast-page-background-meta":{"desktop":{"background-color":"","background-image":"","background-repeat":"repeat","background-position":"center center","background-size":"auto","background-attachment":"scroll","background-type":"","background-media":"","overlay-type":"","overlay-color":"","overlay-opacity":"","overlay-gradient":""},"tablet":{"background-color":"","background-image":"","background-repeat":"repeat","background-position":"center center","background-size":"auto","background-attachment":"scroll","background-type":"","background-media":"","overlay-type":"","overlay-color":"","overlay-opacity":"","overlay-gradient":""},"mobile":{"background-color":"","background-image":"","background-repeat":"repeat","background-position":"center center","background-size":"auto","background-attachment":"scroll","background-type":"","background-media":"","overlay-type":"","overlay-color":"","overlay-opacity":"","overlay-gradient":""}},"ast-content-background-meta":{"desktop":{"background-color":"var(--ast-global-color-5)","background-image":"","background-repeat":"repeat","background-position":"center center","background-size":"auto","background-attachment":"scroll","background-type":"","background-media":"","overlay-type":"","overlay-color":"","overlay-opacity":"","overlay-gradient":""},"tablet":{"background-color":"var(--ast-global-color-5)","background-image":"","background-repeat":"repeat","background-position":"center center","background-size":"auto","background-attachment":"scroll","background-type":"","background-media":"","overlay-type":"","overlay-color":"","overlay-opacity":"","overlay-gradient":""},"mobile":{"background-color":"var(--ast-global-color-5)","background-image":"","background-repeat":"repeat","background-position":"center center","background-size":"auto","background-attachment":"scroll","background-type":"","background-media":"","overlay-type":"","overlay-color":"","overlay-opacity":"","overlay-gradient":""}},"footnotes":""},"class_list":["post-111","page","type-page","status-publish","hentry"],"acf":[],"_links":{"self":[{"href":"https:\/\/www.museoemigrazioneitaliana.org\/de\/wp-json\/wp\/v2\/pages\/111","targetHints":{"allow":["GET"]}}],"collection":[{"href":"https:\/\/www.museoemigrazioneitaliana.org\/de\/wp-json\/wp\/v2\/pages"}],"about":[{"href":"https:\/\/www.museoemigrazioneitaliana.org\/de\/wp-json\/wp\/v2\/types\/page"}],"author":[{"embeddable":true,"href":"https:\/\/www.museoemigrazioneitaliana.org\/de\/wp-json\/wp\/v2\/users\/1"}],"replies":[{"embeddable":true,"href":"https:\/\/www.museoemigrazioneitaliana.org\/de\/wp-json\/wp\/v2\/comments?post=111"}],"version-history":[{"count":2,"href":"https:\/\/www.museoemigrazioneitaliana.org\/de\/wp-json\/wp\/v2\/pages\/111\/revisions"}],"predecessor-version":[{"id":3178,"href":"https:\/\/www.museoemigrazioneitaliana.org\/de\/wp-json\/wp\/v2\/pages\/111\/revisions\/3178"}],"up":[{"embeddable":true,"href":"https:\/\/www.museoemigrazioneitaliana.org\/de\/wp-json\/wp\/v2\/pages\/101"}],"wp:attachment":[{"href":"https:\/\/www.museoemigrazioneitaliana.org\/de\/wp-json\/wp\/v2\/media?parent=111"}],"curies":[{"name":"wp","href":"https:\/\/api.w.org\/{rel}","templated":true}]}}