{"id":107,"date":"2020-09-17T15:46:49","date_gmt":"2020-09-17T13:46:49","guid":{"rendered":"https:\/\/mei.ms-dev.it\/?page_id=107"},"modified":"2022-03-10T10:52:59","modified_gmt":"2022-03-10T09:52:59","slug":"teambildende-masnahmen","status":"publish","type":"page","link":"https:\/\/www.museoemigrazioneitaliana.org\/de\/la-vita-sociale\/fare-gruppo\/","title":{"rendered":"teambildende Ma\u00dfnahmen"},"content":{"rendered":"<p>W\u00e4hrend der \"gro\u00dfen Auswanderung\" entstanden die ersten Vereine zur gegenseitigen Hilfe unter den Mitgliedern und zur \u00dcberwindung der Schwierigkeiten bei der Eingew\u00f6hnung in eine neue Realit\u00e4t. Mit der Zahlung kleiner monatlicher Beitr\u00e4ge durch alle Mitglieder war es m\u00f6glich, eine Zeit lang denjenigen zu helfen, die ihre Arbeit verloren hatten, und die Kranken zu versorgen. In allen L\u00e4ndern wurden n\u00e4mlich die L\u00f6hne, auch die guten, nur f\u00fcr die tats\u00e4chlich geleisteten Arbeitstage gezahlt, und es gab keine Unterst\u00fctzung bei Abwesenheit wegen Krankheit oder aus anderen Gr\u00fcnden.<\/p>\n<p>In einigen F\u00e4llen war der Verein mit der F\u00fchrung eines Ladens verbunden, in dem Waren des t\u00e4glichen Bedarfs zu niedrigeren Preisen als auf dem Markt verkauft wurden. Alle ordentlichen Mitglieder zahlten kleine monatliche Betr\u00e4ge, w\u00e4hrend die Mitgliedschaft f\u00fcr Ehrenmitglieder oder Wohlt\u00e4ter fast obligatorisch war, die das Grundkapital durch Spenden aufstockten oder unentgeltlich Leistungen erbrachten, die f\u00fcr die Mitglieder sonst zu kostspielig gewesen w\u00e4ren.<\/p>\n<p>Sp\u00e4ter weiteten die Vereine ihre Aktivit\u00e4ten aus: Sie f\u00fchrten Praktika durch; sie boten Gesundheitserziehung an, um die H\u00e4ufigkeit von Krankheiten zu verringern, und verf\u00fcgten auch \u00fcber eigene \u00c4rzte und Praxen; sie gr\u00fcndeten Schulen und Bibliotheken, um sowohl den j\u00fcngeren Generationen Italienisch beizubringen als auch die technische Ausbildung der Mitglieder zu verbessern; sie organisierten die Freizeit ihrer Mitglieder mit geselligen Mittagessen, Tanzveranstaltungen, politischen und religi\u00f6sen Festen sowie kulturellen und sportlichen Veranstaltungen. Die letztgenannten Aktivit\u00e4ten f\u00fchrten zur Gr\u00fcndung weiterer Vereine, die sich ihnen widmeten: So entstanden philharmonische und chorische Vereinigungen, w\u00e4hrend Sportvereine, mit Ausnahme von Boxsportvereinen, eine echte \"Erfindung\" der neuen Heimatl\u00e4nder waren. Das einzige italienische \"Sportspiel\", das verpflanzt und universell praktiziert wurde, war das Boccia-Spiel.<\/p>\n<p>In den Gesellschaften, die in der Regel einige italienische Zeitungen abonniert hatten, war es schlie\u00dflich m\u00f6glich, die Ereignisse in der Herkunftsregion durch lokale Zeitungen zu verfolgen, die durch ihre Berichterstattung \u00fcber italienische Angelegenheiten eine Verbindung zu den Gemeinschaften im Ausland herstellten.<\/p>\n<p>Die gro\u00dfe Einschr\u00e4nkung fast aller Verb\u00e4nde - trotz der Unterschiede, die sich daraus ergaben, dass sie in sehr unterschiedlichen L\u00e4ndern gegr\u00fcndet wurden und in st\u00e4dtischen oder l\u00e4ndlichen Gebieten entstanden sind - war ein \u00fcbertriebener Parochialismus.<\/p>\n\t\t\t\t\t<ul id=\"menu-la-vita-sociale\"><li id=\"menu-item-424\"><a href=\"https:\/\/www.museoemigrazioneitaliana.org\/de\/gesellschaftliches-leben\/\">Soziales Leben<\/a>\n<ul>\n\t<li id=\"menu-item-428\"><a href=\"https:\/\/www.museoemigrazioneitaliana.org\/de\/gesellschaftliches-leben\/klein-italien-und-la-dolce-casa\/\">Die \"kleinen Italiener\" und la dolce casa<\/a><\/li>\n\t<li id=\"menu-item-426\"><a href=\"https:\/\/www.museoemigrazioneitaliana.org\/de\/gesellschaftliches-leben\/stadtgrunder-und-kolonisatoren\/\">Stadtgr\u00fcnder und Kolonisatoren<\/a><\/li>\n\t<li id=\"menu-item-425\"><a href=\"https:\/\/www.museoemigrazioneitaliana.org\/de\/gesellschaftliches-leben\/teambildende-masnahmen\/\">Gruppierung<\/a><\/li>\n\t<li id=\"menu-item-427\"><a href=\"https:\/\/www.museoemigrazioneitaliana.org\/de\/gesellschaftliches-leben\/die-schule-zwischen-zwei-welten\/\">Die Schule zwischen zwei Welten<\/a><\/li>\n\t<li id=\"menu-item-429\"><a href=\"https:\/\/www.museoemigrazioneitaliana.org\/de\/gesellschaftliches-leben\/geschichten-von-intoleranz\/\">Geschichten von Intoleranz<\/a><\/li>\n\t<li id=\"menu-item-430\"><a href=\"https:\/\/www.museoemigrazioneitaliana.org\/de\/gesellschaftliches-leben\/auf-dem-weg-zu-einer-komplexen-identitat\/\">Auf dem Weg zu einer komplexen Identit\u00e4t<\/a><\/li>\n<\/ul>\n<\/li>\n<\/ul>","protected":false},"excerpt":{"rendered":"<p>Durante la &#8220;grande emigrazione&#8221; le prime associazioni nacquero per il mutuo soccorso tra i soci e per superare le difficolt\u00e0 legate all&#8217;inserimento in una nuova realt\u00e0. Con il pagamento di piccole quote mensili da parte di tutti gli aderenti si provvedeva ad aiutare, per qualche tempo, quelli che perdevano il lavoro e a curare i [&hellip;]<\/p>\n","protected":false},"author":1,"featured_media":0,"parent":101,"menu_order":0,"comment_status":"closed","ping_status":"open","template":"","meta":{"_acf_changed":false,"site-sidebar-layout":"default","site-content-layout":"default","ast-site-content-layout":"default","site-content-style":"default","site-sidebar-style":"default","ast-global-header-display":"","ast-banner-title-visibility":"","ast-main-header-display":"","ast-hfb-above-header-display":"","ast-hfb-below-header-display":"","ast-hfb-mobile-header-display":"","site-post-title":"","ast-breadcrumbs-content":"","ast-featured-img":"","footer-sml-layout":"","ast-disable-related-posts":"","theme-transparent-header-meta":"default","adv-header-id-meta":"","stick-header-meta":"","header-above-stick-meta":"","header-main-stick-meta":"","header-below-stick-meta":"","astra-migrate-meta-layouts":"default","ast-page-background-enabled":"default","ast-page-background-meta":{"desktop":{"background-color":"","background-image":"","background-repeat":"repeat","background-position":"center center","background-size":"auto","background-attachment":"scroll","background-type":"","background-media":"","overlay-type":"","overlay-color":"","overlay-opacity":"","overlay-gradient":""},"tablet":{"background-color":"","background-image":"","background-repeat":"repeat","background-position":"center center","background-size":"auto","background-attachment":"scroll","background-type":"","background-media":"","overlay-type":"","overlay-color":"","overlay-opacity":"","overlay-gradient":""},"mobile":{"background-color":"","background-image":"","background-repeat":"repeat","background-position":"center center","background-size":"auto","background-attachment":"scroll","background-type":"","background-media":"","overlay-type":"","overlay-color":"","overlay-opacity":"","overlay-gradient":""}},"ast-content-background-meta":{"desktop":{"background-color":"var(--ast-global-color-5)","background-image":"","background-repeat":"repeat","background-position":"center center","background-size":"auto","background-attachment":"scroll","background-type":"","background-media":"","overlay-type":"","overlay-color":"","overlay-opacity":"","overlay-gradient":""},"tablet":{"background-color":"var(--ast-global-color-5)","background-image":"","background-repeat":"repeat","background-position":"center center","background-size":"auto","background-attachment":"scroll","background-type":"","background-media":"","overlay-type":"","overlay-color":"","overlay-opacity":"","overlay-gradient":""},"mobile":{"background-color":"var(--ast-global-color-5)","background-image":"","background-repeat":"repeat","background-position":"center center","background-size":"auto","background-attachment":"scroll","background-type":"","background-media":"","overlay-type":"","overlay-color":"","overlay-opacity":"","overlay-gradient":""}},"footnotes":""},"class_list":["post-107","page","type-page","status-publish","hentry"],"acf":[],"_links":{"self":[{"href":"https:\/\/www.museoemigrazioneitaliana.org\/de\/wp-json\/wp\/v2\/pages\/107","targetHints":{"allow":["GET"]}}],"collection":[{"href":"https:\/\/www.museoemigrazioneitaliana.org\/de\/wp-json\/wp\/v2\/pages"}],"about":[{"href":"https:\/\/www.museoemigrazioneitaliana.org\/de\/wp-json\/wp\/v2\/types\/page"}],"author":[{"embeddable":true,"href":"https:\/\/www.museoemigrazioneitaliana.org\/de\/wp-json\/wp\/v2\/users\/1"}],"replies":[{"embeddable":true,"href":"https:\/\/www.museoemigrazioneitaliana.org\/de\/wp-json\/wp\/v2\/comments?post=107"}],"version-history":[{"count":2,"href":"https:\/\/www.museoemigrazioneitaliana.org\/de\/wp-json\/wp\/v2\/pages\/107\/revisions"}],"predecessor-version":[{"id":3175,"href":"https:\/\/www.museoemigrazioneitaliana.org\/de\/wp-json\/wp\/v2\/pages\/107\/revisions\/3175"}],"up":[{"embeddable":true,"href":"https:\/\/www.museoemigrazioneitaliana.org\/de\/wp-json\/wp\/v2\/pages\/101"}],"wp:attachment":[{"href":"https:\/\/www.museoemigrazioneitaliana.org\/de\/wp-json\/wp\/v2\/media?parent=107"}],"curies":[{"name":"wp","href":"https:\/\/api.w.org\/{rel}","templated":true}]}}