{"id":101,"date":"2020-09-17T15:45:36","date_gmt":"2020-09-17T13:45:36","guid":{"rendered":"https:\/\/mei.ms-dev.it\/?page_id=101"},"modified":"2022-03-10T10:50:29","modified_gmt":"2022-03-10T09:50:29","slug":"gesellschaftliches-leben","status":"publish","type":"page","link":"https:\/\/www.museoemigrazioneitaliana.org\/de\/la-vita-sociale\/","title":{"rendered":"Soziales Leben"},"content":{"rendered":"<p>Das soziale Leben der Emigranten spielte sich fast ausschlie\u00dflich in den Little Italies ab. Die italienischen Viertel waren stets dicht bev\u00f6lkert und vermittelten die f\u00fcr Italien typische Energie und Unruhe, umgeben von Stra\u00dfenverk\u00e4ufern und Hausierern.  Das Gemeinschaftsleben wurde von den italienischen Emigranten sehr stark wahrgenommen, die sich in ihren Vierteln zu Hause f\u00fchlten und oft auch Formen der Verschlossenheit gegen\u00fcber der Au\u00dfenwelt an den Tag legten, auch aufgrund von Sprachschwierigkeiten, insbesondere in englischsprachigen L\u00e4ndern. Dadurch wurde jede Form der Integration stark gebremst, die in den lateinamerikanischen L\u00e4ndern aufgrund der sprachlichen und kulturellen N\u00e4he schneller vonstatten ging.<\/p>\n<p>Die Little Italies hatten oft einen regionalen Bezug, der sich aus der Migrationskette speiste. Bezugspunkte waren die Kirche in der Nachbarschaft, das Zentrum des Patronatsfestes, und all jene Gesch\u00e4fte, in denen man mit Landsleuten in Kontakt treten konnte, wie Tavernen, Bars, L\u00e4den; hier konnte man h\u00e4ufig Lebensmittel aus dem Herkunftsland kaufen.<\/p>\n<p>In Kleinitalien entstanden Vereinigungen zwischen Landsleuten: die ersten waren die der gegenseitigen Hilfe, die f\u00fcr die \u00dcberwindung von Schwierigkeiten der Mitglieder in einem fremden Land von grundlegender Bedeutung war.<\/p>\n\t<iframe loading=\"lazy\" title=\"DIE SPRACHE - Italienische Auswanderung\" width=\"500\" height=\"281\" src=\"https:\/\/www.youtube.com\/embed\/ZOggnRur6gw?feature=oembed\" frameborder=\"0\" allow=\"accelerometer; autoplay; clipboard-write; encrypted-media; gyroscope; picture-in-picture\" allowfullscreen><\/iframe>\n\t\t\t\t\t<ul id=\"menu-la-vita-sociale\"><li id=\"menu-item-424\"><a href=\"https:\/\/www.museoemigrazioneitaliana.org\/de\/gesellschaftliches-leben\/\">Soziales Leben<\/a>\n<ul>\n\t<li id=\"menu-item-428\"><a href=\"https:\/\/www.museoemigrazioneitaliana.org\/de\/gesellschaftliches-leben\/klein-italien-und-la-dolce-casa\/\">Die \"kleinen Italiener\" und la dolce casa<\/a><\/li>\n\t<li id=\"menu-item-426\"><a href=\"https:\/\/www.museoemigrazioneitaliana.org\/de\/gesellschaftliches-leben\/stadtgrunder-und-kolonisatoren\/\">Stadtgr\u00fcnder und Kolonisatoren<\/a><\/li>\n\t<li id=\"menu-item-425\"><a href=\"https:\/\/www.museoemigrazioneitaliana.org\/de\/gesellschaftliches-leben\/teambildende-masnahmen\/\">Gruppierung<\/a><\/li>\n\t<li id=\"menu-item-427\"><a href=\"https:\/\/www.museoemigrazioneitaliana.org\/de\/gesellschaftliches-leben\/die-schule-zwischen-zwei-welten\/\">Die Schule zwischen zwei Welten<\/a><\/li>\n\t<li id=\"menu-item-429\"><a href=\"https:\/\/www.museoemigrazioneitaliana.org\/de\/gesellschaftliches-leben\/geschichten-von-intoleranz\/\">Geschichten von Intoleranz<\/a><\/li>\n\t<li id=\"menu-item-430\"><a href=\"https:\/\/www.museoemigrazioneitaliana.org\/de\/gesellschaftliches-leben\/auf-dem-weg-zu-einer-komplexen-identitat\/\">Auf dem Weg zu einer komplexen Identit\u00e4t<\/a><\/li>\n<\/ul>\n<\/li>\n<\/ul>","protected":false},"excerpt":{"rendered":"<p>La vita sociale degli emigranti si svolgeva quasi per intero all&#8217;interno delle Piccole Italie. I quartieri italiani erano sempre densamente popolati, e riproducevano quell&#8217;energia e quella confusione tipica dell&#8217;Italia, contornati da venditori di cibo di strada e ambulanti.\u00a0 La vita di comunit\u00e0 era molto sentita dagli emigranti italiani, che nel loro quartiere si sentivano a [&hellip;]<\/p>\n","protected":false},"author":1,"featured_media":0,"parent":0,"menu_order":0,"comment_status":"closed","ping_status":"open","template":"","meta":{"_acf_changed":false,"site-sidebar-layout":"default","site-content-layout":"default","ast-site-content-layout":"default","site-content-style":"default","site-sidebar-style":"default","ast-global-header-display":"","ast-banner-title-visibility":"","ast-main-header-display":"","ast-hfb-above-header-display":"","ast-hfb-below-header-display":"","ast-hfb-mobile-header-display":"","site-post-title":"","ast-breadcrumbs-content":"","ast-featured-img":"","footer-sml-layout":"","ast-disable-related-posts":"","theme-transparent-header-meta":"default","adv-header-id-meta":"","stick-header-meta":"","header-above-stick-meta":"","header-main-stick-meta":"","header-below-stick-meta":"","astra-migrate-meta-layouts":"default","ast-page-background-enabled":"default","ast-page-background-meta":{"desktop":{"background-color":"","background-image":"","background-repeat":"repeat","background-position":"center center","background-size":"auto","background-attachment":"scroll","background-type":"","background-media":"","overlay-type":"","overlay-color":"","overlay-opacity":"","overlay-gradient":""},"tablet":{"background-color":"","background-image":"","background-repeat":"repeat","background-position":"center center","background-size":"auto","background-attachment":"scroll","background-type":"","background-media":"","overlay-type":"","overlay-color":"","overlay-opacity":"","overlay-gradient":""},"mobile":{"background-color":"","background-image":"","background-repeat":"repeat","background-position":"center center","background-size":"auto","background-attachment":"scroll","background-type":"","background-media":"","overlay-type":"","overlay-color":"","overlay-opacity":"","overlay-gradient":""}},"ast-content-background-meta":{"desktop":{"background-color":"var(--ast-global-color-5)","background-image":"","background-repeat":"repeat","background-position":"center center","background-size":"auto","background-attachment":"scroll","background-type":"","background-media":"","overlay-type":"","overlay-color":"","overlay-opacity":"","overlay-gradient":""},"tablet":{"background-color":"var(--ast-global-color-5)","background-image":"","background-repeat":"repeat","background-position":"center center","background-size":"auto","background-attachment":"scroll","background-type":"","background-media":"","overlay-type":"","overlay-color":"","overlay-opacity":"","overlay-gradient":""},"mobile":{"background-color":"var(--ast-global-color-5)","background-image":"","background-repeat":"repeat","background-position":"center center","background-size":"auto","background-attachment":"scroll","background-type":"","background-media":"","overlay-type":"","overlay-color":"","overlay-opacity":"","overlay-gradient":""}},"footnotes":""},"class_list":["post-101","page","type-page","status-publish","hentry"],"acf":[],"_links":{"self":[{"href":"https:\/\/www.museoemigrazioneitaliana.org\/de\/wp-json\/wp\/v2\/pages\/101","targetHints":{"allow":["GET"]}}],"collection":[{"href":"https:\/\/www.museoemigrazioneitaliana.org\/de\/wp-json\/wp\/v2\/pages"}],"about":[{"href":"https:\/\/www.museoemigrazioneitaliana.org\/de\/wp-json\/wp\/v2\/types\/page"}],"author":[{"embeddable":true,"href":"https:\/\/www.museoemigrazioneitaliana.org\/de\/wp-json\/wp\/v2\/users\/1"}],"replies":[{"embeddable":true,"href":"https:\/\/www.museoemigrazioneitaliana.org\/de\/wp-json\/wp\/v2\/comments?post=101"}],"version-history":[{"count":2,"href":"https:\/\/www.museoemigrazioneitaliana.org\/de\/wp-json\/wp\/v2\/pages\/101\/revisions"}],"predecessor-version":[{"id":3172,"href":"https:\/\/www.museoemigrazioneitaliana.org\/de\/wp-json\/wp\/v2\/pages\/101\/revisions\/3172"}],"wp:attachment":[{"href":"https:\/\/www.museoemigrazioneitaliana.org\/de\/wp-json\/wp\/v2\/media?parent=101"}],"curies":[{"name":"wp","href":"https:\/\/api.w.org\/{rel}","templated":true}]}}